{"id":6662,"date":"2022-01-03T11:18:11","date_gmt":"2022-01-03T11:18:11","guid":{"rendered":"http:\/\/gog1.wwwaz1-ts109.a2hosted.com\/?post_type=product&#038;p=6662"},"modified":"2025-08-01T04:57:12","modified_gmt":"2025-08-01T04:57:12","slug":"truly-raw-organic-thai-coconut-smoothy-packs-10kg-22lbs","status":"publish","type":"product","link":"https:\/\/cocosymbiosis.com\/pt\/produto\/truly-raw-organic-thai-coconut-smoothy-packs-10kg-22lbs\/","title":{"rendered":"Thai Coconut Smoothy Packs Truly Raw Organic (10kg\/22lbs)"},"content":{"rendered":"<p>Pacotes de smoothie org\u00e2nico cru. Convenientemente pr\u00e9-misturado. Coloque no liquidificador ainda congelado e adicione \u00e1gua de coco ou suco, conforme necess\u00e1rio. Misturas em segundos. 25 pacotes de 100g\/3.5oz. Prazo de validade congelado 1 ano.<\/p>\n<p>O pedido \u00e9 composto por uma caixa de carne crua seca jerky de coco. Peso l\u00edquido do produto para cada caixa: 0,75kg (1,65lbs). Dimens\u00f5es para cada caixa: 25 cm (10 polegadas) x 11 cm (4,5 polegadas) x 15 cm (6 polegadas)<\/p>","protected":false},"excerpt":{"rendered":"<p>Raw organic smoothie packs. Conveniently pre-blended. Put in the blender while frozen and add coconut water or juice as needed. Mixes in seconds. 25 packs of 100g\/3.5oz. Frozen shelf life 1 year. Order is composed of four boxes of raw coconut smoothy packs. Net product weight for each box: 2.5kg (5.5lbs). Dimensions for each box: [&hellip;]<\/p>","protected":false},"featured_media":0,"comment_status":"open","ping_status":"closed","template":"","meta":[],"product_cat":[15],"product_tag":[],"acf":[],"_links":{"self":[{"href":"https:\/\/cocosymbiosis.com\/pt\/wp-json\/wp\/v2\/product\/6662"}],"collection":[{"href":"https:\/\/cocosymbiosis.com\/pt\/wp-json\/wp\/v2\/product"}],"about":[{"href":"https:\/\/cocosymbiosis.com\/pt\/wp-json\/wp\/v2\/types\/product"}],"replies":[{"embeddable":true,"href":"https:\/\/cocosymbiosis.com\/pt\/wp-json\/wp\/v2\/comments?post=6662"}],"wp:attachment":[{"href":"https:\/\/cocosymbiosis.com\/pt\/wp-json\/wp\/v2\/media?parent=6662"}],"wp:term":[{"taxonomy":"product_cat","embeddable":true,"href":"https:\/\/cocosymbiosis.com\/pt\/wp-json\/wp\/v2\/product_cat?post=6662"},{"taxonomy":"product_tag","embeddable":true,"href":"https:\/\/cocosymbiosis.com\/pt\/wp-json\/wp\/v2\/product_tag?post=6662"}],"curies":[{"name":"wp","href":"https:\/\/api.w.org\/{rel}","templated":true}]}}