{"id":6652,"date":"2022-01-03T10:26:52","date_gmt":"2022-01-03T10:26:52","guid":{"rendered":"http:\/\/gog1.wwwaz1-ts109.a2hosted.com\/?post_type=product&#038;p=6652"},"modified":"2026-01-13T21:14:21","modified_gmt":"2026-01-13T21:14:21","slug":"truly-raw-organic-thai-coconut-water-10qt-9-4lt","status":"publish","type":"product","link":"https:\/\/cocosymbiosis.com\/pt\/produto\/truly-raw-organic-thai-coconut-water-10qt-9-4lt\/","title":{"rendered":"\u00c1gua de Coco Tailandesa Crua Org\u00e2nica (10Qt.\/9.4Lt.)"},"content":{"rendered":"<p>A melhor \u00e1gua de coco do mundo em uma embalagem ecologicamente correta. Variedade \u00fanica de coco Nam Hom encontrada apenas nas planta\u00e7\u00f5es mais prestigiadas da Tail\u00e2ndia. Naturale, nada adicionado, nada removido. Nenhum calor \u00e9 aplicado desde a colheita at\u00e9 a entrega. \u00c1gua de coco com gosto de coco - Como era para ser. Prazo de validade quando mantido refrigerado o tempo todo: Mais de 30 dias. Prazo de validade quando conservado no congelador: 1 ano.<\/p>\n<p>O pedido \u00e9 composto por duas caixas de \u00e1gua de coco crua org\u00e2nica de 5 Qt (4,8 litros) cada uma. Peso l\u00edquido do produto para cada caixa: 4,75kg (10,4lbs). Projetado para caber em refrigeradores dom\u00e9sticos comuns. Dimens\u00f5es para cada caixa: 27 cm (10 polegadas) x 21 cm (8,25 polegadas) x 15 cm (6 polegadas).<\/p>\n<p>A \u00e1gua de coco org\u00e2nica crua pode, em raras ocasi\u00f5es, ficar rosa. A descolora\u00e7\u00e3o da \u00e1gua de coco crua \u00e9 um fen\u00f4meno natural que n\u00e3o afeta suas propriedades organol\u00e9pticas, nem seu teor de nutrientes, nem sua qualidade geral. A \u00e1gua de coco rosa N\u00c3O \u00e9 estragada nem \u00e9 prejudicial \u00e0 sua sa\u00fade de forma alguma. \u00c9 perfeitamente seguro para consumo. Para mais detalhes, visite nossa se\u00e7\u00e3o de perguntas frequentes.<\/p>\n<p>&nbsp;<\/p>","protected":false},"excerpt":{"rendered":"<p>The world&#8217;s best coconut water in an environmentally-friendly packaging. Unique Nam Hom coconut variety only found in Thailand&#8217;s most prestigious plantations. Truly raw nothing added, nothing taken away. Never heated from harvest all the way to delivery. Coconut water that tastes just like in the coconut \u2014As it was meant to be. Shelf life when [&hellip;]<\/p>","protected":false},"featured_media":0,"comment_status":"open","ping_status":"closed","template":"","meta":[],"product_cat":[15],"product_tag":[],"acf":[],"_links":{"self":[{"href":"https:\/\/cocosymbiosis.com\/pt\/wp-json\/wp\/v2\/product\/6652"}],"collection":[{"href":"https:\/\/cocosymbiosis.com\/pt\/wp-json\/wp\/v2\/product"}],"about":[{"href":"https:\/\/cocosymbiosis.com\/pt\/wp-json\/wp\/v2\/types\/product"}],"replies":[{"embeddable":true,"href":"https:\/\/cocosymbiosis.com\/pt\/wp-json\/wp\/v2\/comments?post=6652"}],"wp:attachment":[{"href":"https:\/\/cocosymbiosis.com\/pt\/wp-json\/wp\/v2\/media?parent=6652"}],"wp:term":[{"taxonomy":"product_cat","embeddable":true,"href":"https:\/\/cocosymbiosis.com\/pt\/wp-json\/wp\/v2\/product_cat?post=6652"},{"taxonomy":"product_tag","embeddable":true,"href":"https:\/\/cocosymbiosis.com\/pt\/wp-json\/wp\/v2\/product_tag?post=6652"}],"curies":[{"name":"wp","href":"https:\/\/api.w.org\/{rel}","templated":true}]}}