{"id":4648,"date":"2020-05-29T03:45:56","date_gmt":"2020-05-29T03:45:56","guid":{"rendered":"http:\/\/gog1.wwwaz1-ts109.a2hosted.com\/?post_type=product&#038;p=4648"},"modified":"2026-04-01T00:00:31","modified_gmt":"2026-04-01T00:00:31","slug":"raw-coconut-water-3-1l","status":"publish","type":"product","link":"https:\/\/cocosymbiosis.com\/pt\/produto\/raw-coconut-water-3-1l\/","title":{"rendered":"Carne de Coco Tailandesa 100% Crua Org\u00e2nica (8,1kg\/18lbs)"},"content":{"rendered":"<p>Cru e puro. Nada adicionado e nada removido. Certificado org\u00e2nico. Extra\u00eddo da variedade \u00fanica de coco Nam Hom encontrada apenas nas planta\u00e7\u00f5es mais prestigiadas da Tail\u00e2ndia. Melhor mantido congelado e descongelado conforme necess\u00e1rio. Prazo de validade congelado 1 ano.<\/p>\n<p>O pedido \u00e9 composto por tr\u00eas caixas de carne de coco crua. Peso l\u00edquido do produto para cada caixa: 2,7 kg (6 lbs). Dimens\u00f5es para cada caixa: 14 cm (5,5 polegadas) x 16,5 cm (6,5 polegadas) x 20 cm (8 polegadas)<\/p>","protected":false},"excerpt":{"rendered":"<p>Truly raw and pure. Nothing added and nothing taken away. Certified organic. Extracted from the unique Nam Hom coconut variety only found in Thailand&#8217;s most prestigious plantations. Best kept frozen and thawed as needed. Frozen shelf life 1 year. Order is composed of three boxes of raw coconut meat. Net product weight for each box: [&hellip;]<\/p>","protected":false},"featured_media":12328,"comment_status":"open","ping_status":"closed","template":"","meta":[],"product_cat":[15],"product_tag":[],"acf":[],"_links":{"self":[{"href":"https:\/\/cocosymbiosis.com\/pt\/wp-json\/wp\/v2\/product\/4648"}],"collection":[{"href":"https:\/\/cocosymbiosis.com\/pt\/wp-json\/wp\/v2\/product"}],"about":[{"href":"https:\/\/cocosymbiosis.com\/pt\/wp-json\/wp\/v2\/types\/product"}],"replies":[{"embeddable":true,"href":"https:\/\/cocosymbiosis.com\/pt\/wp-json\/wp\/v2\/comments?post=4648"}],"wp:featuredmedia":[{"embeddable":true,"href":"https:\/\/cocosymbiosis.com\/pt\/wp-json\/wp\/v2\/media\/12328"}],"wp:attachment":[{"href":"https:\/\/cocosymbiosis.com\/pt\/wp-json\/wp\/v2\/media?parent=4648"}],"wp:term":[{"taxonomy":"product_cat","embeddable":true,"href":"https:\/\/cocosymbiosis.com\/pt\/wp-json\/wp\/v2\/product_cat?post=4648"},{"taxonomy":"product_tag","embeddable":true,"href":"https:\/\/cocosymbiosis.com\/pt\/wp-json\/wp\/v2\/product_tag?post=4648"}],"curies":[{"name":"wp","href":"https:\/\/api.w.org\/{rel}","templated":true}]}}