{"id":3,"date":"2019-03-05T21:32:20","date_gmt":"2019-03-05T21:32:20","guid":{"rendered":"http:\/\/108.163.188.94\/?page_id=3"},"modified":"2020-11-06T04:07:49","modified_gmt":"2020-11-06T04:07:49","slug":"privacy-policy","status":"publish","type":"page","link":"https:\/\/cocosymbiosis.com\/pt\/privacy-policy\/","title":{"rendered":"Privacy Policy"},"content":{"rendered":"<div data-elementor-type=\"wp-page\" data-elementor-id=\"3\" class=\"elementor elementor-3\" data-elementor-post-type=\"page\">\n\t\t\t\t\t\t<div class=\"elementor-inner\">\n\t\t\t\t<div class=\"elementor-section-wrap\">\n\t\t\t\t\t\t\t\t\t<section class=\"has_eae_slider elementor-section elementor-top-section elementor-element elementor-element-221ed844 elementor-section-boxed elementor-section-height-default elementor-section-height-default\" data-id=\"221ed844\" data-element_type=\"section\" data-settings=\"{&quot;jet_parallax_layout_list&quot;:[{&quot;jet_parallax_layout_image&quot;:{&quot;url&quot;:&quot;&quot;,&quot;id&quot;:&quot;&quot;,&quot;size&quot;:&quot;&quot;},&quot;_id&quot;:&quot;44c0b1c&quot;,&quot;jet_parallax_layout_image_tablet&quot;:{&quot;url&quot;:&quot;&quot;,&quot;id&quot;:&quot;&quot;,&quot;size&quot;:&quot;&quot;},&quot;jet_parallax_layout_image_mobile&quot;:{&quot;url&quot;:&quot;&quot;,&quot;id&quot;:&quot;&quot;,&quot;size&quot;:&quot;&quot;},&quot;jet_parallax_layout_speed&quot;:{&quot;unit&quot;:&quot;%&quot;,&quot;size&quot;:50,&quot;sizes&quot;:[]},&quot;jet_parallax_layout_type&quot;:&quot;scroll&quot;,&quot;jet_parallax_layout_direction&quot;:null,&quot;jet_parallax_layout_fx_direction&quot;:null,&quot;jet_parallax_layout_z_index&quot;:&quot;&quot;,&quot;jet_parallax_layout_bg_x&quot;:50,&quot;jet_parallax_layout_bg_x_tablet&quot;:&quot;&quot;,&quot;jet_parallax_layout_bg_x_mobile&quot;:&quot;&quot;,&quot;jet_parallax_layout_bg_y&quot;:50,&quot;jet_parallax_layout_bg_y_tablet&quot;:&quot;&quot;,&quot;jet_parallax_layout_bg_y_mobile&quot;:&quot;&quot;,&quot;jet_parallax_layout_bg_size&quot;:&quot;auto&quot;,&quot;jet_parallax_layout_bg_size_tablet&quot;:&quot;&quot;,&quot;jet_parallax_layout_bg_size_mobile&quot;:&quot;&quot;,&quot;jet_parallax_layout_animation_prop&quot;:&quot;transform&quot;,&quot;jet_parallax_layout_on&quot;:[&quot;desktop&quot;,&quot;tablet&quot;]}]}\">\n\t\t\t\t\t\t<div class=\"elementor-container elementor-column-gap-default\">\n\t\t\t\t\t\t\t<div class=\"elementor-row\">\n\t\t\t\t\t<div class=\"has_eae_slider elementor-column elementor-col-100 elementor-top-column elementor-element elementor-element-88eaf4f\" data-id=\"88eaf4f\" data-element_type=\"column\">\n\t\t\t<div class=\"elementor-column-wrap elementor-element-populated\">\n\t\t\t\t\t\t\t<div class=\"elementor-widget-wrap\">\n\t\t\t\t\t\t<div class=\"elementor-element elementor-element-3b60b4a elementor-widget elementor-widget-text-editor\" data-id=\"3b60b4a\" data-element_type=\"widget\" data-widget_type=\"text-editor.default\">\n\t\t\t\t<div class=\"elementor-widget-container\">\n\t\t\t\t\t\t\t\t<div class=\"elementor-text-editor elementor-clearfix\">\n\t\t\t\t<p><!-- wp:heading --><\/p>\n<h4>I. Quem somos<\/h4>\n<p><!-- \/wp:heading --><\/p>\n<p><!-- wp:paragraph --><\/p>\n<p>O endere\u00e7o do nosso site \u00e9: https:\/\/cocosymbiosis.com.<\/p>\n<p><!-- \/wp:paragraph --><\/p>\n<p><!-- wp:heading --><\/p>\n<h4>II. O que os dados pessoais que coletamos e por que as coletamos<\/h4>\n<p><!-- \/wp:heading --><\/p>\n<p><!-- wp:heading {\"level\":3} --><\/p>\n<h5>1. Coment\u00e1rios<\/h5>\n<p><!-- \/wp:heading --><\/p>\n<p><!-- wp:paragraph --><\/p>\n<p>Quando os visitantes deixam coment\u00e1rios no site n\u00f3s coletamos os dados apresentados no formul\u00e1rio de coment\u00e1rios, e tamb\u00e9m o endere\u00e7o IP do visitante e do navegador seq\u00fc\u00eancia de agente do usu\u00e1rio para ajudar a detec\u00e7\u00e3o de spam.<\/p>\n<p><!-- \/wp:paragraph --><\/p>\n<p><!-- wp:paragraph --><\/p>\n<p>Uma string an\u00f4nima criada a partir do seu endere\u00e7o de e-mail (tamb\u00e9m chamado de hash) pode ser fornecida ao servi\u00e7o Gravatar para verificar se voc\u00ea o est\u00e1 usando. A pol\u00edtica de privacidade do servi\u00e7o Gravatar est\u00e1 dispon\u00edvel aqui: https:\/\/automattic.com\/privacy\/. Ap\u00f3s a aprova\u00e7\u00e3o do seu coment\u00e1rio, sua foto de perfil fica vis\u00edvel ao p\u00fablico no contexto do seu coment\u00e1rio.<\/p>\n<p><!-- \/wp:paragraph --><\/p>\n<p><!-- wp:heading {\"level\":3} --><\/p>\n<h5>2. Media<\/h5>\n<p><!-- \/wp:heading --><\/p>\n<p><!-- wp:paragraph --><\/p>\n<p>Se voc\u00ea fizer o upload de imagens para o site, voc\u00ea deve evitar o carregamento de imagens com o embedded localiza\u00e7\u00e3o de dados (EXIF GPS) inclu\u00eddo. Os visitantes do site podem baixar e extrair todos os dados de localiza\u00e7\u00e3o a partir de imagens no site.<\/p>\n<p><!-- \/wp:paragraph --><\/p>\n<p><!-- wp:heading {\"level\":3} --><\/p>\n<h4>III. Formul\u00e1rios de contato<\/h4>\n<p><!-- \/wp:heading --><\/p>\n<p><!-- wp:heading {\"level\":3} --><\/p>\n<h5>1. Cookies<\/h5>\n<p><!-- \/wp:heading --><\/p>\n<p><!-- wp:paragraph --><\/p>\n<p>Se voc\u00ea deixar um coment\u00e1rio em nosso site voc\u00ea pode optar por salvar o seu nome, endere\u00e7o de e-mail e web site, os cookies. Estes s\u00e3o para sua conveni\u00eancia de modo que voc\u00ea n\u00e3o tem de preencher os seus dados de novo quando voc\u00ea deixar outro coment\u00e1rio. Esses cookies ir\u00e1 durar um ano.<\/p>\n<p><!-- \/wp:paragraph --><\/p>\n<p><!-- wp:paragraph --><\/p>\n<p>Se voc\u00ea tiver uma conta e entrar neste site, iremos definir um cookie para determinar se o seu navegador n\u00e3o aceita cookies. Este cookie n\u00e3o cont\u00e9m dados pessoais e \u00e9 descartado quando voc\u00ea fechar o navegador.<\/p>\n<p><!-- \/wp:paragraph --><\/p>\n<p><!-- wp:paragraph --><\/p>\n<p>Quando voc\u00ea entrar, n\u00f3s iremos tamb\u00e9m configurar v\u00e1rios cookies para salvar suas informa\u00e7\u00f5es de login e a tela de exibi\u00e7\u00e3o op\u00e7\u00f5es. In\u00edcio de sess\u00e3o os cookies de dura\u00e7\u00e3o de dois dias, e a tela de op\u00e7\u00f5es de cookies durar um ano. Se voc\u00ea selecionar &#034;remember Me&#034;, o seu login vai permanecer por duas semanas. Se voc\u00ea log out de sua conta, o in\u00edcio de sess\u00e3o os cookies, ser\u00e3o removidos.<\/p>\n<p><!-- \/wp:paragraph --><\/p>\n<p><!-- wp:paragraph --><\/p>\n<p>Se voc\u00ea editar ou publicar um artigo, um cookie ser\u00e1 guardado no seu browser. Este cookie n\u00e3o inclui dados pessoais e simplesmente indica o ID do post do artigo que voc\u00ea editou. Expira ap\u00f3s 1 dia.<\/p>\n<p><!-- \/wp:paragraph --><\/p>\n<p><!-- wp:heading {\"level\":3} --><\/p>\n<h5>2. Conte\u00fado incorporado a partir de outros websites<\/h5>\n<p><!-- \/wp:heading --><\/p>\n<p><!-- wp:paragraph --><\/p>\n<p>Artigos sobre este site poder\u00e1 incluir conte\u00fado incorporado (por exemplo, v\u00eddeos, imagens, artigos, etc.). Conte\u00fado incorporado a partir de outros websites se comporta exatamente da mesma forma como se o visitante tiver visitado o site dos outros.<\/p>\n<p><!-- \/wp:paragraph --><\/p>\n<p><!-- wp:paragraph --><\/p>\n<p>Esses sites podem coletar informa\u00e7\u00f5es sobre voc\u00ea, usar cookies, incorporar adicionais de rastreamento de terceiros, e monitorar a sua intera\u00e7\u00e3o com o conte\u00fado incorporado, incluindo o acompanhamento de sua intera\u00e7\u00e3o com o conte\u00fado incorporado, se voc\u00ea tem uma conta e login no site.<\/p>\n<p><!-- \/wp:heading --><\/p>\n<p><!-- wp:heading --><\/p>\n<h4>IV. Quem compartilhamos os seus dados com<\/h4>\n<div>Ningu\u00e9m.<\/div>\n<p><!-- \/wp:heading --><\/p>\n<p><!-- wp:heading --><\/p>\n<h4>V. Quanto tempo conservamos os seus dados<\/h4>\n<p><!-- \/wp:heading --><\/p>\n<p><!-- wp:paragraph --><\/p>\n<p>Se voc\u00ea deixar um coment\u00e1rio, o coment\u00e1rio e seus metadados s\u00e3o mantidos indefinidamente. Deste modo, podemos reconhecer e aprovar quaisquer coment\u00e1rios de acompanhamento, automaticamente, em vez de mant\u00ea-las em uma fila de modera\u00e7\u00e3o.<\/p>\n<p><!-- \/wp:paragraph --><\/p>\n<p><!-- wp:paragraph --><\/p>\n<p>Para os utilizadores que se registrar no nosso site (se houver), tamb\u00e9m armazenamos as informa\u00e7\u00f5es pessoais que fornecer no seu perfil de usu\u00e1rio. Todos os usu\u00e1rios podem visualizar, editar, ou excluir suas informa\u00e7\u00f5es pessoais a qualquer tempo (exceto que eles n\u00e3o \u00e9 poss\u00edvel alterar seu nome de usu\u00e1rio). Administradores do site tamb\u00e9m pode ver e editar informa\u00e7\u00f5es.<\/p>\n<p><!-- \/wp:paragraph --><\/p>\n<p><!-- wp:heading --><\/p>\n<h4>VI. Quais os direitos que voc\u00ea tem sobre seus dados<\/h4>\n<p><!-- \/wp:heading --><\/p>\n<p><!-- wp:paragraph --><\/p>\n<p>Se voc\u00ea tem uma conta no site, ou deixaram coment\u00e1rios, voc\u00ea pode pedir para receber um arquivo exportado de dados pessoais que temos sobre voc\u00ea, incluindo quaisquer dados que voc\u00ea forneceu para n\u00f3s. Voc\u00ea tamb\u00e9m poder\u00e1 solicitar a apagar quaisquer dados pessoais que temos sobre voc\u00ea. Isso n\u00e3o inclui quaisquer dados que s\u00e3o obrigados a manter-se para administrativo, jur\u00eddico, ou por raz\u00f5es de seguran\u00e7a.<\/p>\n<p><!-- \/wp:paragraph --><\/p>\n<p><!-- wp:heading --><\/p>\n<h4>VII. Para onde vamos enviar seus dados<\/h4>\n<p><!-- \/wp:heading --><\/p>\n<p><!-- wp:paragraph --><\/p>\n<p>Coment\u00e1rios dos visitantes, pode ser verificada atrav\u00e9s de um sistema automatizado de servi\u00e7o de detec\u00e7\u00e3o de spam.<\/p>\n<h4>VIII. Produtos<\/h4>\n<p><!-- \/wp:heading --><\/p>\n<p><!-- wp:paragraph --><\/p>\n<p>Nossos produtos n\u00e3o s\u00e3o destinados a diagnosticar, tratar, curar ou prevenir doen\u00e7as.<\/p>\n<p>Itens perec\u00edveis n\u00e3o s\u00e3o reembols\u00e1veis e n\u00e3o-reembols\u00e1veis.<\/p>\n<p>.<\/p>\n<p><!-- \/wp:heading --><\/p>\t\t\t\t\t<\/div>\n\t\t\t\t\t\t<\/div>\n\t\t\t\t<\/div>\n\t\t\t\t\t\t<\/div>\n\t\t\t\t\t<\/div>\n\t\t<\/div>\n\t\t\t\t\t\t\t\t<\/div>\n\t\t\t\t\t<\/div>\n\t\t<\/section>\n\t\t\t\t\t\t\t\t\t<\/div>\n\t\t\t<\/div>\n\t\t\t\t\t<\/div>","protected":false},"excerpt":{"rendered":"<p>I. Who we are Our website address is: https:\/\/cocosymbiosis.com. II. What personal data we collect and why we collect it 1. Comments When visitors leave comments on the site we collect the data shown in the comments form, and also the visitor\u2019s IP address and browser user agent string to help spam detection. An anonymized [&hellip;]<\/p>","protected":false},"author":1095,"featured_media":0,"parent":0,"menu_order":0,"comment_status":"closed","ping_status":"open","template":"elementor_header_footer","meta":[],"acf":[],"_links":{"self":[{"href":"https:\/\/cocosymbiosis.com\/pt\/wp-json\/wp\/v2\/pages\/3"}],"collection":[{"href":"https:\/\/cocosymbiosis.com\/pt\/wp-json\/wp\/v2\/pages"}],"about":[{"href":"https:\/\/cocosymbiosis.com\/pt\/wp-json\/wp\/v2\/types\/page"}],"author":[{"embeddable":true,"href":"https:\/\/cocosymbiosis.com\/pt\/wp-json\/wp\/v2\/users\/1095"}],"replies":[{"embeddable":true,"href":"https:\/\/cocosymbiosis.com\/pt\/wp-json\/wp\/v2\/comments?post=3"}],"version-history":[{"count":21,"href":"https:\/\/cocosymbiosis.com\/pt\/wp-json\/wp\/v2\/pages\/3\/revisions"}],"predecessor-version":[{"id":7087,"href":"https:\/\/cocosymbiosis.com\/pt\/wp-json\/wp\/v2\/pages\/3\/revisions\/7087"}],"wp:attachment":[{"href":"https:\/\/cocosymbiosis.com\/pt\/wp-json\/wp\/v2\/media?parent=3"}],"curies":[{"name":"wp","href":"https:\/\/api.w.org\/{rel}","templated":true}]}}