{"id":6652,"date":"2022-01-03T10:26:52","date_gmt":"2022-01-03T10:26:52","guid":{"rendered":"http:\/\/gog1.wwwaz1-ts109.a2hosted.com\/?post_type=product&#038;p=6652"},"modified":"2026-01-13T21:14:21","modified_gmt":"2026-01-13T21:14:21","slug":"truly-raw-organic-thai-coconut-water-10qt-9-4lt","status":"publish","type":"product","link":"https:\/\/cocosymbiosis.com\/it\/prodotto\/truly-raw-organic-thai-coconut-water-10qt-9-4lt\/","title":{"rendered":"Acqua di Cocco Tailandese Cruda Biologica (10Qt.\/9,4Lt.)"},"content":{"rendered":"<p>La migliore acqua di cocco del mondo in una confezione ecologica. Variet\u00e0 di cocco unica Nam Hom che si trova solo nelle piantagioni pi\u00f9 prestigiose della Thailandia. Naturale, niente aggiunto, niente tolto. Non applicato calore dalla raccolta fino alla consegna. Acqua di cocco che sa di cocco - Come doveva essere. Periodo di validit\u00e0 se sempre conservato in frigorifero: oltre 30 giorni. Periodo di validit\u00e0 se conservato in congelatore: 1 anno.<\/p>\n<p>L'ordine \u00e8 composto da due scatole di acqua di cocco cruda biologica da 5 Qt (4,8 litri) ciascuna. Peso netto del prodotto per ogni scatola: 4,75 kg (10,4 libbre). Progettato per adattarsi ai comuni frigoriferi domestici. Dimensioni per ogni scatola: 27 cm (10 pollici) x 21 cm (8,25 pollici) x 15 cm (6 pollici).<\/p>\n<p>L'acqua di cocco cruda biologico pu\u00f2 in rare occasioni diventare rosa. Il rosare dell'acqua di cocco crudo \u00e8 un fenomeno che non ne pregiudica le propriet\u00e0 organolettiche n\u00e9 il contenuto di nutrienti n\u00e9 la qualit\u00e0 complessiva. L'acqua di cocco rosa NON \u00e8 rovinata n\u00e9 \u00e8 dannosa per la salute in alcun modo. \u00c8 perfettamente sicuro per il consumo. Per maggiori dettagli visita la nostra sezione FAQ.<\/p>\n<p>&nbsp;<\/p>","protected":false},"excerpt":{"rendered":"<p>The world&#8217;s best coconut water in an environmentally-friendly packaging. Unique Nam Hom coconut variety only found in Thailand&#8217;s most prestigious plantations. Truly raw nothing added, nothing taken away. Never heated from harvest all the way to delivery. Coconut water that tastes just like in the coconut \u2014As it was meant to be. Shelf life when [&hellip;]<\/p>","protected":false},"featured_media":0,"comment_status":"open","ping_status":"closed","template":"","meta":[],"product_cat":[15],"product_tag":[],"acf":[],"_links":{"self":[{"href":"https:\/\/cocosymbiosis.com\/it\/wp-json\/wp\/v2\/product\/6652"}],"collection":[{"href":"https:\/\/cocosymbiosis.com\/it\/wp-json\/wp\/v2\/product"}],"about":[{"href":"https:\/\/cocosymbiosis.com\/it\/wp-json\/wp\/v2\/types\/product"}],"replies":[{"embeddable":true,"href":"https:\/\/cocosymbiosis.com\/it\/wp-json\/wp\/v2\/comments?post=6652"}],"wp:attachment":[{"href":"https:\/\/cocosymbiosis.com\/it\/wp-json\/wp\/v2\/media?parent=6652"}],"wp:term":[{"taxonomy":"product_cat","embeddable":true,"href":"https:\/\/cocosymbiosis.com\/it\/wp-json\/wp\/v2\/product_cat?post=6652"},{"taxonomy":"product_tag","embeddable":true,"href":"https:\/\/cocosymbiosis.com\/it\/wp-json\/wp\/v2\/product_tag?post=6652"}],"curies":[{"name":"wp","href":"https:\/\/api.w.org\/{rel}","templated":true}]}}