{"id":4648,"date":"2020-05-29T03:45:56","date_gmt":"2020-05-29T03:45:56","guid":{"rendered":"http:\/\/gog1.wwwaz1-ts109.a2hosted.com\/?post_type=product&#038;p=4648"},"modified":"2026-04-01T00:00:31","modified_gmt":"2026-04-01T00:00:31","slug":"raw-coconut-water-3-1l","status":"publish","type":"product","link":"https:\/\/cocosymbiosis.com\/it\/prodotto\/raw-coconut-water-3-1l\/","title":{"rendered":"Carne di Cocco Tailandese Biologico 100%  Cruda (8,1 kg\/18 libbre)"},"content":{"rendered":"<p>Crudo e puro. Niente aggiunto e niente tolto. Certificato biologico. Estratto dalla variet\u00e0 di cocco Nam Hom unica che si trova solo nelle piantagioni pi\u00f9 prestigiose della Thailandia. Meglio congelato e scongelato secondo necessit\u00e0. Conservazione congelata 1 anno.<\/p>\n<p>L'ordine \u00e8 composto da tre scatole di carne di cocco crudo. Peso netto del prodotto per ogni scatola: 2,7 kg (6 libbre). Dimensioni per ogni scatola: 14 cm (5,5 pollici) x 16,5 cm (6,5 pollici) x 20 cm (8 pollici)<\/p>","protected":false},"excerpt":{"rendered":"<p>Truly raw and pure. Nothing added and nothing taken away. Certified organic. Extracted from the unique Nam Hom coconut variety only found in Thailand&#8217;s most prestigious plantations. Best kept frozen and thawed as needed. Frozen shelf life 1 year. Order is composed of three boxes of raw coconut meat. Net product weight for each box: [&hellip;]<\/p>","protected":false},"featured_media":12328,"comment_status":"open","ping_status":"closed","template":"","meta":[],"product_cat":[15],"product_tag":[],"acf":[],"_links":{"self":[{"href":"https:\/\/cocosymbiosis.com\/it\/wp-json\/wp\/v2\/product\/4648"}],"collection":[{"href":"https:\/\/cocosymbiosis.com\/it\/wp-json\/wp\/v2\/product"}],"about":[{"href":"https:\/\/cocosymbiosis.com\/it\/wp-json\/wp\/v2\/types\/product"}],"replies":[{"embeddable":true,"href":"https:\/\/cocosymbiosis.com\/it\/wp-json\/wp\/v2\/comments?post=4648"}],"wp:featuredmedia":[{"embeddable":true,"href":"https:\/\/cocosymbiosis.com\/it\/wp-json\/wp\/v2\/media\/12328"}],"wp:attachment":[{"href":"https:\/\/cocosymbiosis.com\/it\/wp-json\/wp\/v2\/media?parent=4648"}],"wp:term":[{"taxonomy":"product_cat","embeddable":true,"href":"https:\/\/cocosymbiosis.com\/it\/wp-json\/wp\/v2\/product_cat?post=4648"},{"taxonomy":"product_tag","embeddable":true,"href":"https:\/\/cocosymbiosis.com\/it\/wp-json\/wp\/v2\/product_tag?post=4648"}],"curies":[{"name":"wp","href":"https:\/\/api.w.org\/{rel}","templated":true}]}}