{"id":73,"date":"2019-03-16T08:22:51","date_gmt":"2019-03-16T08:22:51","guid":{"rendered":"http:\/\/108.163.188.94\/?post_type=product&#038;p=73"},"modified":"2026-04-04T13:42:22","modified_gmt":"2026-04-04T13:42:22","slug":"truly-raw-coconut-water-10-liter-box","status":"publish","type":"product","link":"https:\/\/cocosymbiosis.com\/fr\/produit\/truly-raw-coconut-water-10-liter-box\/","title":{"rendered":"Packs de Smoothies de Noix de Coco Tha\u00eflandaise Bio 100% Crue (10kg\/22lbs)"},"content":{"rendered":"<p>Packs de smoothies biologiques crus pr\u00e9-mix\u00e9s de fa\u00e7on pratique. Passez au mixeur pendant que c\u2019est congel\u00e9 et ajoutez de l\u2019eau ou du jus de noix de coco si n\u00e9cessaire. \u00c7a se mixe en quelques secondes. 25 paquets de 100g\/3,5oz. Dur\u00e9e de conservation en cong\u00e9lation : 1 an.<\/p>\n<p>La commande est compos\u00e9e de quatre bo\u00eetes de packs de smoothie coco crue. Poids net du produit pour chaque bo\u00eete : 2.5kg (5.5lbs). Dimensions de chaque bo\u00eete : 25cm (10 pouces) x 11cm (4.5 pouces) x 15cm (6 pouces)<\/p>","protected":false},"excerpt":{"rendered":"<p>Raw organic smoothie packs. Conveniently pre-blended. Put in the blender while frozen and add coconut water or juice as needed. Mixes in seconds. 25 packs of 100g\/3.5oz. Frozen shelf life 1 year. Order is composed of four boxes of raw coconut smoothy packs. Net product weight for each box: 2.5kg (5.5lbs). Dimensions for each box: [&hellip;]<\/p>","protected":false},"featured_media":0,"comment_status":"open","ping_status":"closed","template":"","meta":[],"product_cat":[15],"product_tag":[],"acf":[],"_links":{"self":[{"href":"https:\/\/cocosymbiosis.com\/fr\/wp-json\/wp\/v2\/product\/73"}],"collection":[{"href":"https:\/\/cocosymbiosis.com\/fr\/wp-json\/wp\/v2\/product"}],"about":[{"href":"https:\/\/cocosymbiosis.com\/fr\/wp-json\/wp\/v2\/types\/product"}],"replies":[{"embeddable":true,"href":"https:\/\/cocosymbiosis.com\/fr\/wp-json\/wp\/v2\/comments?post=73"}],"wp:attachment":[{"href":"https:\/\/cocosymbiosis.com\/fr\/wp-json\/wp\/v2\/media?parent=73"}],"wp:term":[{"taxonomy":"product_cat","embeddable":true,"href":"https:\/\/cocosymbiosis.com\/fr\/wp-json\/wp\/v2\/product_cat?post=73"},{"taxonomy":"product_tag","embeddable":true,"href":"https:\/\/cocosymbiosis.com\/fr\/wp-json\/wp\/v2\/product_tag?post=73"}],"curies":[{"name":"wp","href":"https:\/\/api.w.org\/{rel}","templated":true}]}}