{"id":6652,"date":"2022-01-03T10:26:52","date_gmt":"2022-01-03T10:26:52","guid":{"rendered":"http:\/\/gog1.wwwaz1-ts109.a2hosted.com\/?post_type=product&#038;p=6652"},"modified":"2026-01-13T21:14:21","modified_gmt":"2026-01-13T21:14:21","slug":"truly-raw-organic-thai-coconut-water-10qt-9-4lt","status":"publish","type":"product","link":"https:\/\/cocosymbiosis.com\/fr\/produit\/truly-raw-organic-thai-coconut-water-10qt-9-4lt\/","title":{"rendered":"Eau de Coco Tha\u00eflandaise Bio 100% crue (10Qt.\/9.4Lt.)"},"content":{"rendered":"<p>La meilleure eau de coco du monde dans un emballage \u00e9cologique. Une vari\u00e9t\u00e9 unique de noix de coco Nam Hom que l\u2019on ne trouve que dans les plantations les plus prestigieuses de Tha\u00eflande. Vraiment crue, rien d\u2019ajout\u00e9, rien d\u2019enlev\u00e9. Jamais chauff\u00e9e depuis la r\u00e9colte jusqu\u2019\u00e0 la livraison. De l\u2019eau de coco qui a le m\u00eame go\u00fbt que celle dans la noix de coco. Dur\u00e9e de conservation si maintenue au r\u00e9frig\u00e9rateur en permanence : Plus de 30 jours. Dur\u00e9e de conservation au cong\u00e9lateur : 1 an.<\/p>\n<p>La commande est compos\u00e9e de deux bo\u00eetes d\u2019eau de coco biologique brute de 5Qt (4,8 litres) chacune. Poids net du produit pour chaque bo\u00eete : 4.75kg (10.4lbs). Con\u00e7u pour s\u2019adapter aux r\u00e9frig\u00e9rateurs domestiques courants. Dimensions de chaque bo\u00eete : 27cm (10 pouces) x 21cm (8.25 pouces) x 15cm (6 pouces).<\/p>\n<p>L\u2019eau de coco biologique v\u00e9ritablement crue peut, en de rares occasions, devenir rose. Le rosissement de l\u2019eau de coco crue est un ph\u00e9nom\u00e8ne naturel qui n\u2019a aucune incidence sur ses propri\u00e9t\u00e9s organoleptiques, sa teneur en nutriments ou sa qualit\u00e9 globale. L\u2019eau de coco rose n\u2019est PAS p\u00e9rim\u00e9e et elle est parfaitement propre \u00e0 la consommation. Pour plus de d\u00e9tails, veuillez consulter notre section FAQ.<\/p>\n<p>&nbsp;<\/p>","protected":false},"excerpt":{"rendered":"<p>The world&#8217;s best coconut water in an environmentally-friendly packaging. Unique Nam Hom coconut variety only found in Thailand&#8217;s most prestigious plantations. Truly raw nothing added, nothing taken away. Never heated from harvest all the way to delivery. Coconut water that tastes just like in the coconut \u2014As it was meant to be. Shelf life when [&hellip;]<\/p>","protected":false},"featured_media":0,"comment_status":"open","ping_status":"closed","template":"","meta":[],"product_cat":[15],"product_tag":[],"acf":[],"_links":{"self":[{"href":"https:\/\/cocosymbiosis.com\/fr\/wp-json\/wp\/v2\/product\/6652"}],"collection":[{"href":"https:\/\/cocosymbiosis.com\/fr\/wp-json\/wp\/v2\/product"}],"about":[{"href":"https:\/\/cocosymbiosis.com\/fr\/wp-json\/wp\/v2\/types\/product"}],"replies":[{"embeddable":true,"href":"https:\/\/cocosymbiosis.com\/fr\/wp-json\/wp\/v2\/comments?post=6652"}],"wp:attachment":[{"href":"https:\/\/cocosymbiosis.com\/fr\/wp-json\/wp\/v2\/media?parent=6652"}],"wp:term":[{"taxonomy":"product_cat","embeddable":true,"href":"https:\/\/cocosymbiosis.com\/fr\/wp-json\/wp\/v2\/product_cat?post=6652"},{"taxonomy":"product_tag","embeddable":true,"href":"https:\/\/cocosymbiosis.com\/fr\/wp-json\/wp\/v2\/product_tag?post=6652"}],"curies":[{"name":"wp","href":"https:\/\/api.w.org\/{rel}","templated":true}]}}