{"id":4673,"date":"2020-06-02T01:59:46","date_gmt":"2020-06-02T01:59:46","guid":{"rendered":"http:\/\/gog1.wwwaz1-ts109.a2hosted.com\/?post_type=product&#038;p=4673"},"modified":"2026-04-04T22:43:06","modified_gmt":"2026-04-04T22:43:06","slug":"truly-raw-coconut-water-3-liter-box-copy","status":"publish","type":"product","link":"https:\/\/cocosymbiosis.com\/fr\/produit\/truly-raw-coconut-water-3-liter-box-copy\/","title":{"rendered":"Notre pack Combo de notre gamme de produits de coco"},"content":{"rendered":"<p>Tous nos produits dans un seul emballage pratique.<\/p>\n<p>Compos\u00e9 d\u2019une bo\u00eete d\u2019eau de coco 100% crue (4,8lt), d\u2019une bo\u00eete de chair de coco crue (2,7kg - 6lbs), d\u2019une bo\u00eete de packs de smoothie coco crue (2,5kg - 5,5lbs), et d\u2019une bo\u00eete de coco s\u00e9ch\u00e9e crue (0,75kg \u2013 1,65lbs). Tous les produits sont certifi\u00e9s biologiques.<\/p>\n<p>Les packs de chair de coco et de smoothie se conservent mieux congel\u00e9s et d\u00e9congel\u00e9s selon les besoins. Dur\u00e9e de conservation en cong\u00e9lation : 1 an.<\/p>","protected":false},"excerpt":{"rendered":"<p>All our products in one single convenient package. Composed of a box of truly raw coconut water (5lt), one box of raw coconut meat (2.7kg &#8211; 6lbs), one box of raw coconut smoothie packs (2.5kg &#8211; 5.5lbs), and one box of raw coconut jerky (0.75kg &#8211; 1.65lbs). All certified organic. Meat and smoothie packs are [&hellip;]<\/p>","protected":false},"featured_media":12332,"comment_status":"open","ping_status":"closed","template":"","meta":[],"product_cat":[15],"product_tag":[],"acf":[],"_links":{"self":[{"href":"https:\/\/cocosymbiosis.com\/fr\/wp-json\/wp\/v2\/product\/4673"}],"collection":[{"href":"https:\/\/cocosymbiosis.com\/fr\/wp-json\/wp\/v2\/product"}],"about":[{"href":"https:\/\/cocosymbiosis.com\/fr\/wp-json\/wp\/v2\/types\/product"}],"replies":[{"embeddable":true,"href":"https:\/\/cocosymbiosis.com\/fr\/wp-json\/wp\/v2\/comments?post=4673"}],"wp:featuredmedia":[{"embeddable":true,"href":"https:\/\/cocosymbiosis.com\/fr\/wp-json\/wp\/v2\/media\/12332"}],"wp:attachment":[{"href":"https:\/\/cocosymbiosis.com\/fr\/wp-json\/wp\/v2\/media?parent=4673"}],"wp:term":[{"taxonomy":"product_cat","embeddable":true,"href":"https:\/\/cocosymbiosis.com\/fr\/wp-json\/wp\/v2\/product_cat?post=4673"},{"taxonomy":"product_tag","embeddable":true,"href":"https:\/\/cocosymbiosis.com\/fr\/wp-json\/wp\/v2\/product_tag?post=4673"}],"curies":[{"name":"wp","href":"https:\/\/api.w.org\/{rel}","templated":true}]}}