{"id":4648,"date":"2020-05-29T03:45:56","date_gmt":"2020-05-29T03:45:56","guid":{"rendered":"http:\/\/gog1.wwwaz1-ts109.a2hosted.com\/?post_type=product&#038;p=4648"},"modified":"2026-04-01T00:00:31","modified_gmt":"2026-04-01T00:00:31","slug":"raw-coconut-water-3-1l","status":"publish","type":"product","link":"https:\/\/cocosymbiosis.com\/fr\/produit\/raw-coconut-water-3-1l\/","title":{"rendered":"Chair de Coco Tha\u00eflandaise Bio 100% Crue (8.1kg\/18lbs)"},"content":{"rendered":"<p>100% crue et pure. Rien d\u2019ajout\u00e9 et rien d\u2019enlev\u00e9. Certifi\u00e9e biologique. Extrait de la vari\u00e9t\u00e9 unique de noix de coco Nam Hom que l\u2019on ne trouve que dans les plantations les plus prestigieuses de Tha\u00eflande. Il est pr\u00e9f\u00e9rable de les conserver au cong\u00e9lateur et de les d\u00e9congeler au besoin. Dur\u00e9e de conservation en cong\u00e9lation : 1 an.<\/p>\n<p>La commande se compose de trois bo\u00eetes de chair de coco crue. Poids net du produit pour chaque bo\u00eete : 2.7kg (6lbs). Dimensions de chaque bo\u00eete : 14cm (5.5 pouces) x 16.5cm (6.5 pouces) x 20cm (8 pouces)<\/p>","protected":false},"excerpt":{"rendered":"<p>Truly raw and pure. Nothing added and nothing taken away. Certified organic. Extracted from the unique Nam Hom coconut variety only found in Thailand&#8217;s most prestigious plantations. Best kept frozen and thawed as needed. Frozen shelf life 1 year. Order is composed of three boxes of raw coconut meat. Net product weight for each box: [&hellip;]<\/p>","protected":false},"featured_media":12328,"comment_status":"open","ping_status":"closed","template":"","meta":[],"product_cat":[15],"product_tag":[],"acf":[],"_links":{"self":[{"href":"https:\/\/cocosymbiosis.com\/fr\/wp-json\/wp\/v2\/product\/4648"}],"collection":[{"href":"https:\/\/cocosymbiosis.com\/fr\/wp-json\/wp\/v2\/product"}],"about":[{"href":"https:\/\/cocosymbiosis.com\/fr\/wp-json\/wp\/v2\/types\/product"}],"replies":[{"embeddable":true,"href":"https:\/\/cocosymbiosis.com\/fr\/wp-json\/wp\/v2\/comments?post=4648"}],"wp:featuredmedia":[{"embeddable":true,"href":"https:\/\/cocosymbiosis.com\/fr\/wp-json\/wp\/v2\/media\/12328"}],"wp:attachment":[{"href":"https:\/\/cocosymbiosis.com\/fr\/wp-json\/wp\/v2\/media?parent=4648"}],"wp:term":[{"taxonomy":"product_cat","embeddable":true,"href":"https:\/\/cocosymbiosis.com\/fr\/wp-json\/wp\/v2\/product_cat?post=4648"},{"taxonomy":"product_tag","embeddable":true,"href":"https:\/\/cocosymbiosis.com\/fr\/wp-json\/wp\/v2\/product_tag?post=4648"}],"curies":[{"name":"wp","href":"https:\/\/api.w.org\/{rel}","templated":true}]}}