{"id":3,"date":"2019-03-05T21:32:20","date_gmt":"2019-03-05T21:32:20","guid":{"rendered":"http:\/\/108.163.188.94\/?page_id=3"},"modified":"2020-11-06T04:07:49","modified_gmt":"2020-11-06T04:07:49","slug":"privacy-policy","status":"publish","type":"page","link":"https:\/\/cocosymbiosis.com\/fr\/privacy-policy\/","title":{"rendered":"Privacy Policy"},"content":{"rendered":"<div data-elementor-type=\"wp-page\" data-elementor-id=\"3\" class=\"elementor elementor-3\" data-elementor-post-type=\"page\">\n\t\t\t\t\t\t<div class=\"elementor-inner\">\n\t\t\t\t<div class=\"elementor-section-wrap\">\n\t\t\t\t\t\t\t\t\t<section class=\"has_eae_slider elementor-section elementor-top-section elementor-element elementor-element-221ed844 elementor-section-boxed elementor-section-height-default elementor-section-height-default\" data-id=\"221ed844\" data-element_type=\"section\" data-settings=\"{&quot;jet_parallax_layout_list&quot;:[{&quot;jet_parallax_layout_image&quot;:{&quot;url&quot;:&quot;&quot;,&quot;id&quot;:&quot;&quot;,&quot;size&quot;:&quot;&quot;},&quot;_id&quot;:&quot;44c0b1c&quot;,&quot;jet_parallax_layout_image_tablet&quot;:{&quot;url&quot;:&quot;&quot;,&quot;id&quot;:&quot;&quot;,&quot;size&quot;:&quot;&quot;},&quot;jet_parallax_layout_image_mobile&quot;:{&quot;url&quot;:&quot;&quot;,&quot;id&quot;:&quot;&quot;,&quot;size&quot;:&quot;&quot;},&quot;jet_parallax_layout_speed&quot;:{&quot;unit&quot;:&quot;%&quot;,&quot;size&quot;:50,&quot;sizes&quot;:[]},&quot;jet_parallax_layout_type&quot;:&quot;scroll&quot;,&quot;jet_parallax_layout_direction&quot;:null,&quot;jet_parallax_layout_fx_direction&quot;:null,&quot;jet_parallax_layout_z_index&quot;:&quot;&quot;,&quot;jet_parallax_layout_bg_x&quot;:50,&quot;jet_parallax_layout_bg_x_tablet&quot;:&quot;&quot;,&quot;jet_parallax_layout_bg_x_mobile&quot;:&quot;&quot;,&quot;jet_parallax_layout_bg_y&quot;:50,&quot;jet_parallax_layout_bg_y_tablet&quot;:&quot;&quot;,&quot;jet_parallax_layout_bg_y_mobile&quot;:&quot;&quot;,&quot;jet_parallax_layout_bg_size&quot;:&quot;auto&quot;,&quot;jet_parallax_layout_bg_size_tablet&quot;:&quot;&quot;,&quot;jet_parallax_layout_bg_size_mobile&quot;:&quot;&quot;,&quot;jet_parallax_layout_animation_prop&quot;:&quot;transform&quot;,&quot;jet_parallax_layout_on&quot;:[&quot;desktop&quot;,&quot;tablet&quot;]}]}\">\n\t\t\t\t\t\t<div class=\"elementor-container elementor-column-gap-default\">\n\t\t\t\t\t\t\t<div class=\"elementor-row\">\n\t\t\t\t\t<div class=\"has_eae_slider elementor-column elementor-col-100 elementor-top-column elementor-element elementor-element-88eaf4f\" data-id=\"88eaf4f\" data-element_type=\"column\">\n\t\t\t<div class=\"elementor-column-wrap elementor-element-populated\">\n\t\t\t\t\t\t\t<div class=\"elementor-widget-wrap\">\n\t\t\t\t\t\t<div class=\"elementor-element elementor-element-3b60b4a elementor-widget elementor-widget-text-editor\" data-id=\"3b60b4a\" data-element_type=\"widget\" data-widget_type=\"text-editor.default\">\n\t\t\t\t<div class=\"elementor-widget-container\">\n\t\t\t\t\t\t\t\t<div class=\"elementor-text-editor elementor-clearfix\">\n\t\t\t\t<p><!-- wp:heading --><\/p>\n<h4>I. Qui sommes-nous<\/h4>\n<p><!-- \/wp:heading --><\/p>\n<p><!-- wp:paragraph --><\/p>\n<p>L'adresse de notre site Web est : https:\/\/cocosymbiosis.com.<\/p>\n<p><!-- \/wp:paragraph --><\/p>\n<p><!-- wp:heading --><\/p>\n<h4>II. Quelles sont les donn\u00e9es personnelles que nous recueillons et pourquoi nous les recueillons<\/h4>\n<p><!-- \/wp:heading --><\/p>\n<p><!-- wp:heading {\"level\":3} --><\/p>\n<h5>1. Commentaires<\/h5>\n<p><!-- \/wp:heading --><\/p>\n<p><!-- wp:paragraph --><\/p>\n<p>Lorsque les visiteurs de laisser des commentaires sur le site nous recueillons les donn\u00e9es indiqu\u00e9es dans le formulaire de commentaires, et aussi l&#039;adresse IP du visiteur et le navigateur cha\u00eene de l&#039;agent utilisateur pour aider \u00e0 la d\u00e9tection des spams.<\/p>\n<p><!-- \/wp:paragraph --><\/p>\n<p><!-- wp:paragraph --><\/p>\n<p>Une cha\u00eene anonymis\u00e9e cr\u00e9\u00e9e \u00e0 partir de votre adresse e-mail (\u00e9galement appel\u00e9e hachage) peut \u00eatre fournie au service Gravatar pour voir si vous l'utilisez. La politique de confidentialit\u00e9 du service Gravatar est disponible ici : https:\/\/automattic.com\/privacy\/. Apr\u00e8s validation de votre commentaire, votre photo de profil est visible publiquement \u00e0 c\u00f4t\u00e9 de votre commentaire.<\/p>\n<p><!-- \/wp:paragraph --><\/p>\n<p><!-- wp:heading {\"level\":3} --><\/p>\n<h5>2. Les m\u00e9dias<\/h5>\n<p><!-- \/wp:heading --><\/p>\n<p><!-- wp:paragraph --><\/p>\n<p>Si vous t\u00e9l\u00e9chargez des images sur le site, vous devriez \u00e9viter de t\u00e9l\u00e9charger des images incorpor\u00e9es des donn\u00e9es de localisation (EXIF GPS) inclus. Les visiteurs du site peuvent t\u00e9l\u00e9charger et d&#039;extraire des donn\u00e9es de localisation \u00e0 partir d&#039;images sur le site.<\/p>\n<p><!-- \/wp:paragraph --><\/p>\n<p><!-- wp:heading {\"level\":3} --><\/p>\n<h4>III. Des formulaires de Contact<\/h4>\n<p><!-- \/wp:heading --><\/p>\n<p><!-- wp:heading {\"level\":3} --><\/p>\n<h5>1. Les Cookies<\/h5>\n<p><!-- \/wp:heading --><\/p>\n<p><!-- wp:paragraph --><\/p>\n<p>Si vous laissez un commentaire sur notre site, vous pouvez choisir d&#039;enregistrer votre nom, adresse email, adresse et site web dans les cookies. Ce sont pour la commodit\u00e9 de sorte que vous n&#039;avez pas \u00e0 remplir vos coordonn\u00e9es \u00e0 nouveau lorsque vous laisser un autre commentaire. Ces cookies ont une dur\u00e9e d&#039;une ann\u00e9e.<\/p>\n<p><!-- \/wp:paragraph --><\/p>\n<p><!-- wp:paragraph --><\/p>\n<p>Si vous avez un compte et vous connecter \u00e0 ce site, nous allons d\u00e9finir un cookie temporaire afin de d\u00e9terminer si votre navigateur accepte les cookies. Ce cookie ne contient pas de donn\u00e9es \u00e0 caract\u00e8re personnel et sont supprim\u00e9s lorsque vous fermez votre navigateur.<\/p>\n<p><!-- \/wp:paragraph --><\/p>\n<p><!-- wp:paragraph --><\/p>\n<p>Lorsque vous vous connectez, nous allons \u00e9galement mettre en place plusieurs &#034;cookies&#034; pour enregistrer vos informations de connexion et votre \u00e9cran de choix d&#039;affichage. Les cookies de connexion d&#039;une dur\u00e9e de deux jours, et les options de l&#039;\u00e9cran des cookies pour une ann\u00e9e. Si vous s\u00e9lectionnez l&#039;option \u201cse Souvenir de Moi\u201d, votre connexion va persister pendant deux semaines. Si vous vous d\u00e9connectez de votre compte, l&#039;ouverture de session les cookies seront supprim\u00e9s.<\/p>\n<p><!-- \/wp:paragraph --><\/p>\n<p><!-- wp:paragraph --><\/p>\n<p>Si vous modifier ou de publier un article, un nouveau cookie sera enregistr\u00e9 dans votre navigateur. Ce cookie ne comprend pas de donn\u00e9es \u00e0 caract\u00e8re personnel et indique simplement l&#039;ID de la poste de l&#039;article que vous venez de modifier. Il expire apr\u00e8s 1 jour.<\/p>\n<p><!-- \/wp:paragraph --><\/p>\n<p><!-- wp:heading {\"level\":3} --><\/p>\n<h5>2. Incorpor\u00e9 contenu provenant d&#039;autres sites<\/h5>\n<p><!-- \/wp:heading --><\/p>\n<p><!-- wp:paragraph --><\/p>\n<p>Les Articles sur ce site peut comporter des contenus (vid\u00e9os, images, articles, etc.). Int\u00e9gr\u00e9 du contenu provenant d&#039;autres sites web se comporte exactement de la m\u00eame mani\u00e8re que si le visiteur a visit\u00e9 le site.<\/p>\n<p><!-- \/wp:paragraph --><\/p>\n<p><!-- wp:paragraph --><\/p>\n<p>Ces sites peuvent collecter des donn\u00e9es vous concernant, \u00e0 l&#039;utilisation des cookies, incorporer tiers suppl\u00e9mentaire de suivi et de surveiller votre interaction avec le contenu int\u00e9gr\u00e9, y compris le suivi de votre interaction avec le contenu incorpor\u00e9 si vous avez un compte et que vous \u00eates connect\u00e9 \u00e0 ce site web.<\/p>\n<p><!-- \/wp:heading --><\/p>\n<p><!-- wp:heading --><\/p>\n<h4>IV. Qui nous permet de partager vos donn\u00e9es avec<\/h4>\n<div>Personne.<\/div>\n<p><!-- \/wp:heading --><\/p>\n<p><!-- wp:heading --><\/p>\n<h4>V. Combien de temps nous conservons vos donn\u00e9es<\/h4>\n<p><!-- \/wp:heading --><\/p>\n<p><!-- wp:paragraph --><\/p>\n<p>Si vous laissez un commentaire, le commentaire et de ses m\u00e9tadonn\u00e9es sont conserv\u00e9es ind\u00e9finiment. Il en est ainsi, nous pouvons reconna\u00eetre et approuver tout suivi automatiquement les commentaires au lieu de les tenir dans une file d&#039;attente de mod\u00e9ration.<\/p>\n<p><!-- \/wp:paragraph --><\/p>\n<p><!-- wp:paragraph --><\/p>\n<p>Pour les utilisateurs \u00e0 s&#039;inscrire sur notre site web (le cas \u00e9ch\u00e9ant), nous stockons les informations personnelles qu&#039;ils fournissent dans leur profil utilisateur. Tous les utilisateurs peuvent voir, modifier ou supprimer leurs donn\u00e9es personnelles \u00e0 tout moment (sauf qu&#039;ils ne peuvent pas changer leur nom d&#039;utilisateur). Les administrateurs de site web peut \u00e9galement voir des informations et les modifier.<\/p>\n<p><!-- \/wp:paragraph --><\/p>\n<p><!-- wp:heading --><\/p>\n<h4>VI. Quels sont les droits que vous avez sur vos donn\u00e9es<\/h4>\n<p><!-- \/wp:heading --><\/p>\n<p><!-- wp:paragraph --><\/p>\n<p>Si vous avez un compte sur ce site, ou ont laiss\u00e9 des commentaires, vous pouvez demander \u00e0 recevoir un fichier export\u00e9 les donn\u00e9es personnelles que nous d\u00e9tenons \u00e0 votre sujet, y compris toutes les donn\u00e9es que vous nous avez fournies. Vous pouvez \u00e9galement nous demander d&#039;effacer toutes les donn\u00e9es personnelles que nous d\u00e9tenons sur vous. Ce n&#039;inclut pas les donn\u00e9es nous sont tenus de conserver \u00e0 des fins administratives, juridiques, ou \u00e0 des fins de s\u00e9curit\u00e9.<\/p>\n<p><!-- \/wp:paragraph --><\/p>\n<p><!-- wp:heading --><\/p>\n<h4>VII. Lorsque nous envoyer vos donn\u00e9es<\/h4>\n<p><!-- \/wp:heading --><\/p>\n<p><!-- wp:paragraph --><\/p>\n<p>Les commentaires des visiteurs peut \u00eatre contr\u00f4l\u00e9 par un syst\u00e8me automatis\u00e9 de d\u00e9tection de spam service.<\/p>\n<h4>VIII. Produits<\/h4>\n<p><!-- \/wp:heading --><\/p>\n<p><!-- wp:paragraph --><\/p>\n<p>Nos produits ne sont pas destin\u00e9s \u00e0 diagnostiquer, traiter, gu\u00e9rir ou pr\u00e9venir la maladie.<\/p>\n<p>Les articles p\u00e9rissables, sont non-remboursables et non remboursables.<\/p>\n<p>.<\/p>\n<p><!-- \/wp:heading --><\/p>\t\t\t\t\t<\/div>\n\t\t\t\t\t\t<\/div>\n\t\t\t\t<\/div>\n\t\t\t\t\t\t<\/div>\n\t\t\t\t\t<\/div>\n\t\t<\/div>\n\t\t\t\t\t\t\t\t<\/div>\n\t\t\t\t\t<\/div>\n\t\t<\/section>\n\t\t\t\t\t\t\t\t\t<\/div>\n\t\t\t<\/div>\n\t\t\t\t\t<\/div>","protected":false},"excerpt":{"rendered":"<p>I. Who we are Our website address is: https:\/\/cocosymbiosis.com. II. What personal data we collect and why we collect it 1. Comments When visitors leave comments on the site we collect the data shown in the comments form, and also the visitor\u2019s IP address and browser user agent string to help spam detection. An anonymized [&hellip;]<\/p>","protected":false},"author":1095,"featured_media":0,"parent":0,"menu_order":0,"comment_status":"closed","ping_status":"open","template":"elementor_header_footer","meta":[],"acf":[],"_links":{"self":[{"href":"https:\/\/cocosymbiosis.com\/fr\/wp-json\/wp\/v2\/pages\/3"}],"collection":[{"href":"https:\/\/cocosymbiosis.com\/fr\/wp-json\/wp\/v2\/pages"}],"about":[{"href":"https:\/\/cocosymbiosis.com\/fr\/wp-json\/wp\/v2\/types\/page"}],"author":[{"embeddable":true,"href":"https:\/\/cocosymbiosis.com\/fr\/wp-json\/wp\/v2\/users\/1095"}],"replies":[{"embeddable":true,"href":"https:\/\/cocosymbiosis.com\/fr\/wp-json\/wp\/v2\/comments?post=3"}],"version-history":[{"count":21,"href":"https:\/\/cocosymbiosis.com\/fr\/wp-json\/wp\/v2\/pages\/3\/revisions"}],"predecessor-version":[{"id":7087,"href":"https:\/\/cocosymbiosis.com\/fr\/wp-json\/wp\/v2\/pages\/3\/revisions\/7087"}],"wp:attachment":[{"href":"https:\/\/cocosymbiosis.com\/fr\/wp-json\/wp\/v2\/media?parent=3"}],"curies":[{"name":"wp","href":"https:\/\/api.w.org\/{rel}","templated":true}]}}