{"id":73,"date":"2019-03-16T08:22:51","date_gmt":"2019-03-16T08:22:51","guid":{"rendered":"http:\/\/108.163.188.94\/?post_type=product&#038;p=73"},"modified":"2026-04-04T13:42:22","modified_gmt":"2026-04-04T13:42:22","slug":"truly-raw-coconut-water-10-liter-box","status":"publish","type":"product","link":"https:\/\/cocosymbiosis.com\/es\/producto\/truly-raw-coconut-water-10-liter-box\/","title":{"rendered":"Envases de Batido de Coco Tailand\u00e9s 100% Cruda y Org\u00e1nico (10 kg \/ 22 lb)"},"content":{"rendered":"<p>Envases de batidos natural y org\u00e1nico. Convenientemente premezclado. Ponga en la licuadora mientras est\u00e1 congelado y agregue agua de coco o jugo seg\u00fan sea necesario. Mezcle en segundos. 25 envases de 100g\/3.5oz. Conservaci\u00f3n congelada 1 a\u00f1o.<\/p>\n<p>El pedido se compone de una caja de lonjas de coco natural. Peso neto del producto por caja: 0,75 kg (1,65 lb). Dimensiones de cada caja: 25 cm (10 pulgadas) x 11 cm (4,5 pulgadas) x 15 cm (6 pulgadas)<\/p>","protected":false},"excerpt":{"rendered":"<p>Raw organic smoothie packs. Conveniently pre-blended. Put in the blender while frozen and add coconut water or juice as needed. Mixes in seconds. 25 packs of 100g\/3.5oz. Frozen shelf life 1 year. Order is composed of four boxes of raw coconut smoothy packs. Net product weight for each box: 2.5kg (5.5lbs). Dimensions for each box: [&hellip;]<\/p>","protected":false},"featured_media":0,"comment_status":"open","ping_status":"closed","template":"","meta":[],"product_cat":[15],"product_tag":[],"acf":[],"_links":{"self":[{"href":"https:\/\/cocosymbiosis.com\/es\/wp-json\/wp\/v2\/product\/73"}],"collection":[{"href":"https:\/\/cocosymbiosis.com\/es\/wp-json\/wp\/v2\/product"}],"about":[{"href":"https:\/\/cocosymbiosis.com\/es\/wp-json\/wp\/v2\/types\/product"}],"replies":[{"embeddable":true,"href":"https:\/\/cocosymbiosis.com\/es\/wp-json\/wp\/v2\/comments?post=73"}],"wp:attachment":[{"href":"https:\/\/cocosymbiosis.com\/es\/wp-json\/wp\/v2\/media?parent=73"}],"wp:term":[{"taxonomy":"product_cat","embeddable":true,"href":"https:\/\/cocosymbiosis.com\/es\/wp-json\/wp\/v2\/product_cat?post=73"},{"taxonomy":"product_tag","embeddable":true,"href":"https:\/\/cocosymbiosis.com\/es\/wp-json\/wp\/v2\/product_tag?post=73"}],"curies":[{"name":"wp","href":"https:\/\/api.w.org\/{rel}","templated":true}]}}