{"id":6660,"date":"2022-01-03T11:03:37","date_gmt":"2022-01-03T11:03:37","guid":{"rendered":"http:\/\/gog1.wwwaz1-ts109.a2hosted.com\/?post_type=product&#038;p=6660"},"modified":"2023-10-04T08:09:04","modified_gmt":"2023-10-04T08:09:04","slug":"truly-raw-organic-thai-coconut-meat-8-1kg-18lbs","status":"publish","type":"product","link":"https:\/\/cocosymbiosis.com\/es\/producto\/truly-raw-organic-thai-coconut-meat-8-1kg-18lbs\/","title":{"rendered":"Pulpa de Coco Tailandesa 100% Cruda y Org\u00e1nica (8,1 kg\/18 libras)"},"content":{"rendered":"<p>Verdaderamente puro y natural. Sin aditivos qu\u00edmicos. Producto org\u00e1nico certificado. Extra\u00eddo de la variedad \u00fanica de coco Nam Hom que solo se encuentra en las plantaciones m\u00e1s prestigiosas de Tailandia. Es mejor mantenerlo congelado y descongelado seg\u00fan sea necesario. Conservaci\u00f3n congelada 1 a\u00f1o.<\/p>\n<p>El pedido se compone de tres cajas de pulpa de coco natural. Peso neto del producto por cada caja: 2,7 kg (6 libras). Dimensiones de cada caja: 14 cm (5,5 pulgadas) x 16,5 cm (6,5 pulgadas) x 20 cm (8 pulgadas)<\/p>","protected":false},"excerpt":{"rendered":"<p>Truly raw and pure. Nothing added and nothing taken away. Certified organic. Extracted from the unique Nam Hom coconut variety only found in Thailand&#8217;s most prestigious plantations. Best kept frozen and thawed as needed. Frozen shelf life 1 year. Order is composed of three boxes of raw coconut meat. Net product weight for each box: [&hellip;]<\/p>","protected":false},"featured_media":0,"comment_status":"open","ping_status":"closed","template":"","meta":[],"product_cat":[15],"product_tag":[],"acf":[],"_links":{"self":[{"href":"https:\/\/cocosymbiosis.com\/es\/wp-json\/wp\/v2\/product\/6660"}],"collection":[{"href":"https:\/\/cocosymbiosis.com\/es\/wp-json\/wp\/v2\/product"}],"about":[{"href":"https:\/\/cocosymbiosis.com\/es\/wp-json\/wp\/v2\/types\/product"}],"replies":[{"embeddable":true,"href":"https:\/\/cocosymbiosis.com\/es\/wp-json\/wp\/v2\/comments?post=6660"}],"wp:attachment":[{"href":"https:\/\/cocosymbiosis.com\/es\/wp-json\/wp\/v2\/media?parent=6660"}],"wp:term":[{"taxonomy":"product_cat","embeddable":true,"href":"https:\/\/cocosymbiosis.com\/es\/wp-json\/wp\/v2\/product_cat?post=6660"},{"taxonomy":"product_tag","embeddable":true,"href":"https:\/\/cocosymbiosis.com\/es\/wp-json\/wp\/v2\/product_tag?post=6660"}],"curies":[{"name":"wp","href":"https:\/\/api.w.org\/{rel}","templated":true}]}}