{"id":6652,"date":"2022-01-03T10:26:52","date_gmt":"2022-01-03T10:26:52","guid":{"rendered":"http:\/\/gog1.wwwaz1-ts109.a2hosted.com\/?post_type=product&#038;p=6652"},"modified":"2026-01-13T21:14:21","modified_gmt":"2026-01-13T21:14:21","slug":"truly-raw-organic-thai-coconut-water-10qt-9-4lt","status":"publish","type":"product","link":"https:\/\/cocosymbiosis.com\/es\/producto\/truly-raw-organic-thai-coconut-water-10qt-9-4lt\/","title":{"rendered":"Agua de Coco Tailandesa 100% Cruda y Org\u00e1nica(10Qt.\/9.4Lt.)"},"content":{"rendered":"<p>La mejor agua de coco del mundo en un envase ecol\u00f3gico. Variedad \u00fanica de coco Nam Hom que solo se encuentra en las plantaciones m\u00e1s prestigiosas de Tailandia. Verdaderamente natural, sin aditivos. Nunca se calienta desde la cosecha hasta la entrega. Agua de coco que sabe igual que en el coco, como estaba destinado a ser. Vida \u00fatil cuando se mantiene refrigerado en todo momento: M\u00e1s de 30 d\u00edas. Per\u00edodo de validez en el congelador: 1 a\u00f1o.<\/p>\n<p>El pedido se compone de dos cajas de agua de coco natural y org\u00e1nica de 5Qt (4,8 litros) cada una. Peso neto del producto por cada caja: 4,75 kg (10,4 libras). Dise\u00f1ado para almacenarse en refrigeradores dom\u00e9sticos comunes. Dimensiones de cada caja: 27 cm (10 pulgadas) x 21 cm (8,25 pulgadas) x 15 cm (6 pulgadas).<\/p>\n<p>El agua de coco verdaderamente natural y org\u00e1nica puede en raras ocasiones volverse color rosa. Esta caracter\u00edstica del agua de coco natural es un fen\u00f3meno normal que no afecta sus propiedades organol\u00e9pticas ni su contenido de nutrientes ni su calidad general. El agua de coco rosa NO se descompone ni es da\u00f1ina para la salud de ninguna manera. Es perfectamente confiable para el consumo. Para obtener m\u00e1s detalles, visite nuestra secci\u00f3n de preguntas frecuentes.<\/p>\n<p>&nbsp;<\/p>","protected":false},"excerpt":{"rendered":"<p>The world&#8217;s best coconut water in an environmentally-friendly packaging. Unique Nam Hom coconut variety only found in Thailand&#8217;s most prestigious plantations. Truly raw nothing added, nothing taken away. Never heated from harvest all the way to delivery. Coconut water that tastes just like in the coconut \u2014As it was meant to be. Shelf life when [&hellip;]<\/p>","protected":false},"featured_media":0,"comment_status":"open","ping_status":"closed","template":"","meta":[],"product_cat":[15],"product_tag":[],"acf":[],"_links":{"self":[{"href":"https:\/\/cocosymbiosis.com\/es\/wp-json\/wp\/v2\/product\/6652"}],"collection":[{"href":"https:\/\/cocosymbiosis.com\/es\/wp-json\/wp\/v2\/product"}],"about":[{"href":"https:\/\/cocosymbiosis.com\/es\/wp-json\/wp\/v2\/types\/product"}],"replies":[{"embeddable":true,"href":"https:\/\/cocosymbiosis.com\/es\/wp-json\/wp\/v2\/comments?post=6652"}],"wp:attachment":[{"href":"https:\/\/cocosymbiosis.com\/es\/wp-json\/wp\/v2\/media?parent=6652"}],"wp:term":[{"taxonomy":"product_cat","embeddable":true,"href":"https:\/\/cocosymbiosis.com\/es\/wp-json\/wp\/v2\/product_cat?post=6652"},{"taxonomy":"product_tag","embeddable":true,"href":"https:\/\/cocosymbiosis.com\/es\/wp-json\/wp\/v2\/product_tag?post=6652"}],"curies":[{"name":"wp","href":"https:\/\/api.w.org\/{rel}","templated":true}]}}