{"id":4673,"date":"2020-06-02T01:59:46","date_gmt":"2020-06-02T01:59:46","guid":{"rendered":"http:\/\/gog1.wwwaz1-ts109.a2hosted.com\/?post_type=product&#038;p=4673"},"modified":"2026-04-04T22:43:06","modified_gmt":"2026-04-04T22:43:06","slug":"truly-raw-coconut-water-3-liter-box-copy","status":"publish","type":"product","link":"https:\/\/cocosymbiosis.com\/es\/producto\/truly-raw-coconut-water-3-liter-box-copy\/","title":{"rendered":"Envase combinado de nuestra l\u00ednea de productos de coco"},"content":{"rendered":"<p>Todos nuestros productos en un envase conveniente individual.<\/p>\n<p>Compuesto por una caja de agua de coco natural (5lt), una caja de pulpa de coco natural (2,7 kg - 6 lb), una caja de batidos de coco natural (2,5 kg - 5,5 lb) y una caja de lonjas de coco natural (0,75 kg). kg - 1,65 libras). Todo org\u00e1nico certificado.<\/p>\n<p>Los envases de batidos de pulpa se mantienen mejor congelados y descongelados seg\u00fan sea necesario. Conservaci\u00f3n congelada 1 a\u00f1o.<\/p>","protected":false},"excerpt":{"rendered":"<p>All our products in one single convenient package. Composed of a box of truly raw coconut water (5lt), one box of raw coconut meat (2.7kg &#8211; 6lbs), one box of raw coconut smoothie packs (2.5kg &#8211; 5.5lbs), and one box of raw coconut jerky (0.75kg &#8211; 1.65lbs). All certified organic. Meat and smoothie packs are [&hellip;]<\/p>","protected":false},"featured_media":12332,"comment_status":"open","ping_status":"closed","template":"","meta":[],"product_cat":[15],"product_tag":[],"acf":[],"_links":{"self":[{"href":"https:\/\/cocosymbiosis.com\/es\/wp-json\/wp\/v2\/product\/4673"}],"collection":[{"href":"https:\/\/cocosymbiosis.com\/es\/wp-json\/wp\/v2\/product"}],"about":[{"href":"https:\/\/cocosymbiosis.com\/es\/wp-json\/wp\/v2\/types\/product"}],"replies":[{"embeddable":true,"href":"https:\/\/cocosymbiosis.com\/es\/wp-json\/wp\/v2\/comments?post=4673"}],"wp:featuredmedia":[{"embeddable":true,"href":"https:\/\/cocosymbiosis.com\/es\/wp-json\/wp\/v2\/media\/12332"}],"wp:attachment":[{"href":"https:\/\/cocosymbiosis.com\/es\/wp-json\/wp\/v2\/media?parent=4673"}],"wp:term":[{"taxonomy":"product_cat","embeddable":true,"href":"https:\/\/cocosymbiosis.com\/es\/wp-json\/wp\/v2\/product_cat?post=4673"},{"taxonomy":"product_tag","embeddable":true,"href":"https:\/\/cocosymbiosis.com\/es\/wp-json\/wp\/v2\/product_tag?post=4673"}],"curies":[{"name":"wp","href":"https:\/\/api.w.org\/{rel}","templated":true}]}}