{"id":3,"date":"2019-03-05T21:32:20","date_gmt":"2019-03-05T21:32:20","guid":{"rendered":"http:\/\/108.163.188.94\/?page_id=3"},"modified":"2020-11-06T04:07:49","modified_gmt":"2020-11-06T04:07:49","slug":"privacy-policy","status":"publish","type":"page","link":"https:\/\/cocosymbiosis.com\/es\/privacy-policy\/","title":{"rendered":"Privacy Policy"},"content":{"rendered":"<div data-elementor-type=\"wp-page\" data-elementor-id=\"3\" class=\"elementor elementor-3\" data-elementor-post-type=\"page\">\n\t\t\t\t\t\t<div class=\"elementor-inner\">\n\t\t\t\t<div class=\"elementor-section-wrap\">\n\t\t\t\t\t\t\t\t\t<section class=\"has_eae_slider elementor-section elementor-top-section elementor-element elementor-element-221ed844 elementor-section-boxed elementor-section-height-default elementor-section-height-default\" data-id=\"221ed844\" data-element_type=\"section\" data-settings=\"{&quot;jet_parallax_layout_list&quot;:[{&quot;jet_parallax_layout_image&quot;:{&quot;url&quot;:&quot;&quot;,&quot;id&quot;:&quot;&quot;,&quot;size&quot;:&quot;&quot;},&quot;_id&quot;:&quot;44c0b1c&quot;,&quot;jet_parallax_layout_image_tablet&quot;:{&quot;url&quot;:&quot;&quot;,&quot;id&quot;:&quot;&quot;,&quot;size&quot;:&quot;&quot;},&quot;jet_parallax_layout_image_mobile&quot;:{&quot;url&quot;:&quot;&quot;,&quot;id&quot;:&quot;&quot;,&quot;size&quot;:&quot;&quot;},&quot;jet_parallax_layout_speed&quot;:{&quot;unit&quot;:&quot;%&quot;,&quot;size&quot;:50,&quot;sizes&quot;:[]},&quot;jet_parallax_layout_type&quot;:&quot;scroll&quot;,&quot;jet_parallax_layout_direction&quot;:null,&quot;jet_parallax_layout_fx_direction&quot;:null,&quot;jet_parallax_layout_z_index&quot;:&quot;&quot;,&quot;jet_parallax_layout_bg_x&quot;:50,&quot;jet_parallax_layout_bg_x_tablet&quot;:&quot;&quot;,&quot;jet_parallax_layout_bg_x_mobile&quot;:&quot;&quot;,&quot;jet_parallax_layout_bg_y&quot;:50,&quot;jet_parallax_layout_bg_y_tablet&quot;:&quot;&quot;,&quot;jet_parallax_layout_bg_y_mobile&quot;:&quot;&quot;,&quot;jet_parallax_layout_bg_size&quot;:&quot;auto&quot;,&quot;jet_parallax_layout_bg_size_tablet&quot;:&quot;&quot;,&quot;jet_parallax_layout_bg_size_mobile&quot;:&quot;&quot;,&quot;jet_parallax_layout_animation_prop&quot;:&quot;transform&quot;,&quot;jet_parallax_layout_on&quot;:[&quot;desktop&quot;,&quot;tablet&quot;]}]}\">\n\t\t\t\t\t\t<div class=\"elementor-container elementor-column-gap-default\">\n\t\t\t\t\t\t\t<div class=\"elementor-row\">\n\t\t\t\t\t<div class=\"has_eae_slider elementor-column elementor-col-100 elementor-top-column elementor-element elementor-element-88eaf4f\" data-id=\"88eaf4f\" data-element_type=\"column\">\n\t\t\t<div class=\"elementor-column-wrap elementor-element-populated\">\n\t\t\t\t\t\t\t<div class=\"elementor-widget-wrap\">\n\t\t\t\t\t\t<div class=\"elementor-element elementor-element-3b60b4a elementor-widget elementor-widget-text-editor\" data-id=\"3b60b4a\" data-element_type=\"widget\" data-widget_type=\"text-editor.default\">\n\t\t\t\t<div class=\"elementor-widget-container\">\n\t\t\t\t\t\t\t\t<div class=\"elementor-text-editor elementor-clearfix\">\n\t\t\t\t<p><!-- wp:heading --><\/p>\n<h4>I. Qui\u00e9nes somos<\/h4>\n<p><!-- \/wp:heading --><\/p>\n<p><!-- wp:paragraph --><\/p>\n<p>La direcci\u00f3n de nuestro sitio web es: https:\/\/cocosymbiosis.com.<\/p>\n<p><!-- \/wp:paragraph --><\/p>\n<p><!-- wp:heading --><\/p>\n<h4>II. \u00bfQu\u00e9 datos personales obtenemos y por qu\u00e9 la recopilamos<\/h4>\n<p><!-- \/wp:heading --><\/p>\n<p><!-- wp:heading {\"level\":3} --><\/p>\n<h5>1. Comentarios<\/h5>\n<p><!-- \/wp:heading --><\/p>\n<p><!-- wp:paragraph --><\/p>\n<p>Cuando los visitantes dejar comentarios en el sitio, recopilamos los datos que se muestran en el formulario de comentarios, y tambi\u00e9n la direcci\u00f3n IP del visitante y el navegador de la cadena de agente de usuario para ayudar a la detecci\u00f3n de spam.<\/p>\n<p><!-- \/wp:paragraph --><\/p>\n<p><!-- wp:paragraph --><\/p>\n<p>Se puede proporcionar una cadena an\u00f3nima creada a partir de su direcci\u00f3n de correo electr\u00f3nico (tambi\u00e9n llamada hash) al servicio Gravatar para ver si la est\u00e1 utilizando. La pol\u00edtica de privacidad del servicio Gravatar est\u00e1 disponible aqu\u00ed: https:\/\/automattic.com\/privacy\/. Despu\u00e9s de la aprobaci\u00f3n de su comentario, su foto de perfil es visible para el p\u00fablico en el contexto de su comentario.<\/p>\n<p><!-- \/wp:paragraph --><\/p>\n<p><!-- wp:heading {\"level\":3} --><\/p>\n<h5>2. Los medios de comunicaci\u00f3n<\/h5>\n<p><!-- \/wp:heading --><\/p>\n<p><!-- wp:paragraph --><\/p>\n<p>Si usted subir im\u00e1genes a la web, usted debe evitar subir im\u00e1genes con la inserci\u00f3n de la ubicaci\u00f3n de los datos EXIF (GPS) incluido. Los visitantes del sitio web pueden descargar y extraer los datos de ubicaci\u00f3n de las im\u00e1genes en el sitio web.<\/p>\n<p><!-- \/wp:paragraph --><\/p>\n<p><!-- wp:heading {\"level\":3} --><\/p>\n<h4>III. Formularios de contacto<\/h4>\n<p><!-- \/wp:heading --><\/p>\n<p><!-- wp:heading {\"level\":3} --><\/p>\n<h5>1. Las Cookies<\/h5>\n<p><!-- \/wp:heading --><\/p>\n<p><!-- wp:paragraph --><\/p>\n<p>Si dejas un comentario en nuestro sitio usted puede optar por guardar su nombre, direcci\u00f3n de correo electr\u00f3nico y sitio web las cookies. Estos son para su comodidad, para que usted no tiene que rellenar sus datos de nuevo al dejar otro comentario. Estas cookies tendr\u00e1 una duraci\u00f3n de un a\u00f1o.<\/p>\n<p><!-- \/wp:paragraph --><\/p>\n<p><!-- wp:paragraph --><\/p>\n<p>Si usted tiene una cuenta e iniciar la sesi\u00f3n en este sitio, vamos a establecer una cookie temporal para determinar si su navegador acepta cookies. Esta cookie no contiene datos personales y se eliminan al cerrar el navegador.<\/p>\n<p><!-- \/wp:paragraph --><\/p>\n<p><!-- wp:paragraph --><\/p>\n<p>Al iniciar la sesi\u00f3n, tambi\u00e9n podremos configurar varias cookies para guardar su informaci\u00f3n de inicio de sesi\u00f3n y la visualizaci\u00f3n de la pantalla de opciones. Inicio de sesi\u00f3n las cookies tienen una duraci\u00f3n de dos d\u00edas, y la pantalla de opciones de cookies duran un a\u00f1o. Si selecciona la opci\u00f3n &#034;remember Me&#034;, su inicio de sesi\u00f3n durar\u00e1 dos semanas. Si la sesi\u00f3n de su cuenta, el inicio de sesi\u00f3n cookies ser\u00e1 eliminado.<\/p>\n<p><!-- \/wp:paragraph --><\/p>\n<p><!-- wp:paragraph --><\/p>\n<p>Si desea editar o publicar un art\u00edculo, una cookie adicional ser\u00e1 guardada en su navegador. Esta cookie no contiene datos de car\u00e1cter personal y simplemente indica el ID del post de el art\u00edculo que acaba de editar. Expira despu\u00e9s de 1 d\u00eda.<\/p>\n<p><!-- \/wp:paragraph --><\/p>\n<p><!-- wp:heading {\"level\":3} --><\/p>\n<h5>2. Incrustado contenido de otros sitios web<\/h5>\n<p><!-- \/wp:heading --><\/p>\n<p><!-- wp:paragraph --><\/p>\n<p>Los art\u00edculos en este sitio web puede incluir contenido incrustado (por ejemplo, v\u00eddeos, im\u00e1genes, art\u00edculos, etc.). Incrustado contenido de otros sitios web se comporta exactamente de la misma manera como si el usuario ha visitado el sitio web.<\/p>\n<p><!-- \/wp:paragraph --><\/p>\n<p><!-- wp:paragraph --><\/p>\n<p>Estos sitios web pueden recopilar informaci\u00f3n acerca de usted, el uso de las cookies, incrustar adicionales de seguimiento de terceros, y supervisar su interacci\u00f3n con contenido incrustado, incluyendo el seguimiento de su interacci\u00f3n con el contenido embebido si usted tiene una cuenta y se registran en este sitio web.<\/p>\n<p><!-- \/wp:heading --><\/p>\n<p><!-- wp:heading --><\/p>\n<h4>IV. Que compartimos sus datos con<\/h4>\n<div>Nadie.<\/div>\n<p><!-- \/wp:heading --><\/p>\n<p><!-- wp:heading --><\/p>\n<h4>V. \u00bfcu\u00e1nto tiempo conservamos sus datos<\/h4>\n<p><!-- \/wp:heading --><\/p>\n<p><!-- wp:paragraph --><\/p>\n<p>Si dejas un comentario, el comentario y sus metadatos se conservan indefinidamente. De esta manera, podremos reconocer y aprobar cualquier seguimiento de los comentarios autom\u00e1ticamente en lugar de mantenerlos en una cola de moderaci\u00f3n.<\/p>\n<p><!-- \/wp:paragraph --><\/p>\n<p><!-- wp:paragraph --><\/p>\n<p>Para los usuarios que se registren en nuestro sitio web (si lo hubiere), tambi\u00e9n almacenamos la informaci\u00f3n personal que proporcione en su perfil de usuario. Todos los usuarios pueden ver, editar o eliminar su informaci\u00f3n personal en cualquier momento (con la excepci\u00f3n de que no puede cambiar su nombre de usuario). Los administradores del sitio web tambi\u00e9n puede ver y editar la informaci\u00f3n.<\/p>\n<p><!-- \/wp:paragraph --><\/p>\n<p><!-- wp:heading --><\/p>\n<h4>VI. Qu\u00e9 derechos tiene sobre sus datos<\/h4>\n<p><!-- \/wp:heading --><\/p>\n<p><!-- wp:paragraph --><\/p>\n<p>Si usted tiene una cuenta en este sitio, o han dejado comentarios, usted puede solicitar para recibir un archivo exportado de los datos personales que tenemos sobre usted, incluyendo cualquier dato que usted nos ha proporcionado. Usted tambi\u00e9n puede solicitar que nos borrar cualquier dato personal que tenemos sobre usted. Esto no incluye todos los datos que est\u00e1n obligados a mantener administrativos, legales, o con fines de seguridad.<\/p>\n<p><!-- \/wp:paragraph --><\/p>\n<p><!-- wp:heading --><\/p>\n<h4>VII. Donde nos env\u00ede sus datos<\/h4>\n<p><!-- \/wp:heading --><\/p>\n<p><!-- wp:paragraph --><\/p>\n<p>Comentarios de los visitantes puede ser verificada a trav\u00e9s de un sistema automatizado de detecci\u00f3n de spam de servicio.<\/p>\n<h4>VIII. Productos<\/h4>\n<p><!-- \/wp:heading --><\/p>\n<p><!-- wp:paragraph --><\/p>\n<p>Nuestros productos no est\u00e1n destinados a diagnosticar, tratar, curar, o prevenir la enfermedad.<\/p>\n<p>Los art\u00edculos perecederos no son reembolsables y no se pueden devolver.<\/p>\n<p>.<\/p>\n<p><!-- \/wp:heading --><\/p>\t\t\t\t\t<\/div>\n\t\t\t\t\t\t<\/div>\n\t\t\t\t<\/div>\n\t\t\t\t\t\t<\/div>\n\t\t\t\t\t<\/div>\n\t\t<\/div>\n\t\t\t\t\t\t\t\t<\/div>\n\t\t\t\t\t<\/div>\n\t\t<\/section>\n\t\t\t\t\t\t\t\t\t<\/div>\n\t\t\t<\/div>\n\t\t\t\t\t<\/div>","protected":false},"excerpt":{"rendered":"<p>I. Who we are Our website address is: https:\/\/cocosymbiosis.com. II. What personal data we collect and why we collect it 1. Comments When visitors leave comments on the site we collect the data shown in the comments form, and also the visitor\u2019s IP address and browser user agent string to help spam detection. An anonymized [&hellip;]<\/p>","protected":false},"author":1095,"featured_media":0,"parent":0,"menu_order":0,"comment_status":"closed","ping_status":"open","template":"elementor_header_footer","meta":[],"acf":[],"_links":{"self":[{"href":"https:\/\/cocosymbiosis.com\/es\/wp-json\/wp\/v2\/pages\/3"}],"collection":[{"href":"https:\/\/cocosymbiosis.com\/es\/wp-json\/wp\/v2\/pages"}],"about":[{"href":"https:\/\/cocosymbiosis.com\/es\/wp-json\/wp\/v2\/types\/page"}],"author":[{"embeddable":true,"href":"https:\/\/cocosymbiosis.com\/es\/wp-json\/wp\/v2\/users\/1095"}],"replies":[{"embeddable":true,"href":"https:\/\/cocosymbiosis.com\/es\/wp-json\/wp\/v2\/comments?post=3"}],"version-history":[{"count":21,"href":"https:\/\/cocosymbiosis.com\/es\/wp-json\/wp\/v2\/pages\/3\/revisions"}],"predecessor-version":[{"id":7087,"href":"https:\/\/cocosymbiosis.com\/es\/wp-json\/wp\/v2\/pages\/3\/revisions\/7087"}],"wp:attachment":[{"href":"https:\/\/cocosymbiosis.com\/es\/wp-json\/wp\/v2\/media?parent=3"}],"curies":[{"name":"wp","href":"https:\/\/api.w.org\/{rel}","templated":true}]}}