{"id":6652,"date":"2022-01-03T10:26:52","date_gmt":"2022-01-03T10:26:52","guid":{"rendered":"http:\/\/gog1.wwwaz1-ts109.a2hosted.com\/?post_type=product&#038;p=6652"},"modified":"2026-01-13T21:14:21","modified_gmt":"2026-01-13T21:14:21","slug":"truly-raw-organic-thai-coconut-water-10qt-9-4lt","status":"publish","type":"product","link":"https:\/\/cocosymbiosis.com\/de\/produkt\/truly-raw-organic-thai-coconut-water-10qt-9-4lt\/","title":{"rendered":"Thai Kokosnusswasser Bio 100% Roh (10Qt.\/9.4Lt.)"},"content":{"rendered":"<p>Das beste Kokosnusswasser der Welt in einer umweltfreundlichen Verpackung. \nEinzigartige Nam-Hom-Kokosnuss-Sorte, die nur in Thailands renommiertesten Plantagen zu finden ist. \nWirklich roh, nichts hinzugef\u00fcgt, nichts weggenommen. \nVon der Ernte bis zur Auslieferung nicht erhitzt. Kokosnusswasser, das genau so schmeckt wie in der Kokosnuss - \nso wie es sein soll. Stets gek\u00fchlt gelagert, ist es lange haltbar: \u00dcber 30 Tage. \nHaltbarkeit in der Tiefk\u00fchltruhe: 1 Jahr.<\/p>\n<p>Die Bestellung besteht aus zwei Kisten mit rohem Bio-Kokosnusswasser zu je 5 Qt (4,8 Liter). \nNetto Produktgewicht f\u00fcr jede Kiste: \n4,75 kg (10,4 lbs). Passt in g\u00e4ngige Haushaltsk\u00fchlschr\u00e4nke. \nAbmessungen f\u00fcr jede Box: \n27cm (10inch) x 21cm (8.25inch) x 15cm (6inch).<\/p>\n<p>Echtes rohes Bio-Kokoswasser kann sich in seltenen F\u00e4llen rosa f\u00e4rben. \nDie Rosaf\u00e4rbung von rohem Kokosnusswasser ist ein nat\u00fcrliches Ph\u00e4nomen, \ndas weder seine organoleptischen Eigenschaften noch seinen \nN\u00e4hrstoffgehalt oder seine Gesamtqualit\u00e4t beeintr\u00e4chtigt. \nRosafarbenes Kokoswasser ist weder verdorben noch in \nirgendeiner Weise gesundheitssch\u00e4dlich. \nDer Verzehr ist v\u00f6llig unbedenklich. \nF\u00fcr weitere Informationen besuchen Sie bitte unseren FAQ-Bereich.<\/p>\n<p>&nbsp;<\/p>","protected":false},"excerpt":{"rendered":"<p>The world&#8217;s best coconut water in an environmentally-friendly packaging. Unique Nam Hom coconut variety only found in Thailand&#8217;s most prestigious plantations. Truly raw nothing added, nothing taken away. Never heated from harvest all the way to delivery. Coconut water that tastes just like in the coconut \u2014As it was meant to be. Shelf life when [&hellip;]<\/p>","protected":false},"featured_media":0,"comment_status":"open","ping_status":"closed","template":"","meta":[],"product_cat":[15],"product_tag":[],"acf":[],"_links":{"self":[{"href":"https:\/\/cocosymbiosis.com\/de\/wp-json\/wp\/v2\/product\/6652"}],"collection":[{"href":"https:\/\/cocosymbiosis.com\/de\/wp-json\/wp\/v2\/product"}],"about":[{"href":"https:\/\/cocosymbiosis.com\/de\/wp-json\/wp\/v2\/types\/product"}],"replies":[{"embeddable":true,"href":"https:\/\/cocosymbiosis.com\/de\/wp-json\/wp\/v2\/comments?post=6652"}],"wp:attachment":[{"href":"https:\/\/cocosymbiosis.com\/de\/wp-json\/wp\/v2\/media?parent=6652"}],"wp:term":[{"taxonomy":"product_cat","embeddable":true,"href":"https:\/\/cocosymbiosis.com\/de\/wp-json\/wp\/v2\/product_cat?post=6652"},{"taxonomy":"product_tag","embeddable":true,"href":"https:\/\/cocosymbiosis.com\/de\/wp-json\/wp\/v2\/product_tag?post=6652"}],"curies":[{"name":"wp","href":"https:\/\/api.w.org\/{rel}","templated":true}]}}