{"id":3,"date":"2019-03-05T21:32:20","date_gmt":"2019-03-05T21:32:20","guid":{"rendered":"http:\/\/108.163.188.94\/?page_id=3"},"modified":"2020-11-06T04:07:49","modified_gmt":"2020-11-06T04:07:49","slug":"privacy-policy","status":"publish","type":"page","link":"https:\/\/cocosymbiosis.com\/de\/privacy-policy\/","title":{"rendered":"Privacy Policy"},"content":{"rendered":"<div data-elementor-type=\"wp-page\" data-elementor-id=\"3\" class=\"elementor elementor-3\" data-elementor-post-type=\"page\">\n\t\t\t\t\t\t<div class=\"elementor-inner\">\n\t\t\t\t<div class=\"elementor-section-wrap\">\n\t\t\t\t\t\t\t\t\t<section class=\"has_eae_slider elementor-section elementor-top-section elementor-element elementor-element-221ed844 elementor-section-boxed elementor-section-height-default elementor-section-height-default\" data-id=\"221ed844\" data-element_type=\"section\" data-settings=\"{&quot;jet_parallax_layout_list&quot;:[{&quot;jet_parallax_layout_image&quot;:{&quot;url&quot;:&quot;&quot;,&quot;id&quot;:&quot;&quot;,&quot;size&quot;:&quot;&quot;},&quot;_id&quot;:&quot;44c0b1c&quot;,&quot;jet_parallax_layout_image_tablet&quot;:{&quot;url&quot;:&quot;&quot;,&quot;id&quot;:&quot;&quot;,&quot;size&quot;:&quot;&quot;},&quot;jet_parallax_layout_image_mobile&quot;:{&quot;url&quot;:&quot;&quot;,&quot;id&quot;:&quot;&quot;,&quot;size&quot;:&quot;&quot;},&quot;jet_parallax_layout_speed&quot;:{&quot;unit&quot;:&quot;%&quot;,&quot;size&quot;:50,&quot;sizes&quot;:[]},&quot;jet_parallax_layout_type&quot;:&quot;scroll&quot;,&quot;jet_parallax_layout_direction&quot;:null,&quot;jet_parallax_layout_fx_direction&quot;:null,&quot;jet_parallax_layout_z_index&quot;:&quot;&quot;,&quot;jet_parallax_layout_bg_x&quot;:50,&quot;jet_parallax_layout_bg_x_tablet&quot;:&quot;&quot;,&quot;jet_parallax_layout_bg_x_mobile&quot;:&quot;&quot;,&quot;jet_parallax_layout_bg_y&quot;:50,&quot;jet_parallax_layout_bg_y_tablet&quot;:&quot;&quot;,&quot;jet_parallax_layout_bg_y_mobile&quot;:&quot;&quot;,&quot;jet_parallax_layout_bg_size&quot;:&quot;auto&quot;,&quot;jet_parallax_layout_bg_size_tablet&quot;:&quot;&quot;,&quot;jet_parallax_layout_bg_size_mobile&quot;:&quot;&quot;,&quot;jet_parallax_layout_animation_prop&quot;:&quot;transform&quot;,&quot;jet_parallax_layout_on&quot;:[&quot;desktop&quot;,&quot;tablet&quot;]}]}\">\n\t\t\t\t\t\t<div class=\"elementor-container elementor-column-gap-default\">\n\t\t\t\t\t\t\t<div class=\"elementor-row\">\n\t\t\t\t\t<div class=\"has_eae_slider elementor-column elementor-col-100 elementor-top-column elementor-element elementor-element-88eaf4f\" data-id=\"88eaf4f\" data-element_type=\"column\">\n\t\t\t<div class=\"elementor-column-wrap elementor-element-populated\">\n\t\t\t\t\t\t\t<div class=\"elementor-widget-wrap\">\n\t\t\t\t\t\t<div class=\"elementor-element elementor-element-3b60b4a elementor-widget elementor-widget-text-editor\" data-id=\"3b60b4a\" data-element_type=\"widget\" data-widget_type=\"text-editor.default\">\n\t\t\t\t<div class=\"elementor-widget-container\">\n\t\t\t\t\t\t\t\t<div class=\"elementor-text-editor elementor-clearfix\">\n\t\t\t\t<p><!-- wp:heading --><\/p>\n<h4>I. Wer wir sind<\/h4>\n<p><!-- \/wp:heading --><\/p>\n<p><!-- wp:paragraph --><\/p>\n<p>Unsere Website-Adresse lautet: https:\/\/cocosymbiosis.com.<\/p>\n<p><!-- \/wp:paragraph --><\/p>\n<p><!-- wp:heading --><\/p>\n<h4>II. Welche personenbezogenen Daten wir sammeln und warum wir Sie sammeln<\/h4>\n<p><!-- \/wp:heading --><\/p>\n<p><!-- wp:heading {\"level\":3} --><\/p>\n<h5>1. Kommentare<\/h5>\n<p><!-- \/wp:heading --><\/p>\n<p><!-- wp:paragraph --><\/p>\n<p>Wenn Besucher verlassen Kommentare auf der Website sammeln wir die Daten gezeigt in die Kommentare, form, und auch die Besucher IP-Adresse und browser-user-agent-string zu helfen, die spam-Erkennung.<\/p>\n<p><!-- \/wp:paragraph --><\/p>\n<p><!-- wp:paragraph --><\/p>\n<p>Eine anonymisierte Zeichenfolge, die aus Ihrer E-Mail-Adresse erstellt wird (auch als Hash bezeichnet), kann dem Gravatar-Dienst zur Verf\u00fcgung gestellt werden, um zu sehen, ob Sie ihn verwenden. Die Datenschutzerkl\u00e4rung des Gravatar-Dienstes finden Sie hier: https:\/\/automattic.com\/privacy\/. Nach Freigabe Ihres Kommentars ist Ihr Profilbild im Kontext Ihres Kommentars \u00f6ffentlich sichtbar.<\/p>\n<p><!-- \/wp:paragraph --><\/p>\n<p><!-- wp:heading {\"level\":3} --><\/p>\n<h5>2. Medien<\/h5>\n<p><!-- \/wp:heading --><\/p>\n<p><!-- wp:paragraph --><\/p>\n<p>Wenn du Bilder hochladen, an die website, die Sie vermeiden sollten hochladen von Bildern mit eingebetteten Standortdaten (EXIF GPS) inklusive. Besucher der website k\u00f6nnen downloaden und extrahieren Sie beliebige Standortdaten aus Bildern auf der website.<\/p>\n<p><!-- \/wp:paragraph --><\/p>\n<p><!-- wp:heading {\"level\":3} --><\/p>\n<h4>III. Kontaktformulare<\/h4>\n<p><!-- \/wp:heading --><\/p>\n<p><!-- wp:heading {\"level\":3} --><\/p>\n<h5>1. Cookies<\/h5>\n<p><!-- \/wp:heading --><\/p>\n<p><!-- wp:paragraph --><\/p>\n<p>Wenn du einen Kommentar auf unserer Website k\u00f6nnen Sie opt-in to saving your name, E-Mail-Adresse und website in cookies. Diese sind f\u00fcr Ihre Bequemlichkeit, so dass Sie nicht haben zu f\u00fcllen in Ihren details wieder, wenn Sie einen anderen Kommentar hinterlassen. Diese cookies dauern ein Jahr.<\/p>\n<p><!-- \/wp:paragraph --><\/p>\n<p><!-- wp:paragraph --><\/p>\n<p>Wenn Sie ein Konto haben und Sie sich auf dieser Website, setzen wir ein tempor\u00e4res cookie, um festzustellen, ob dein browser cookies akzeptiert. Dieses cookie enth\u00e4lt keine personenbezogenen Daten und wird verworfen, wenn Sie Ihren browser schlie\u00dfen.<\/p>\n<p><!-- \/wp:paragraph --><\/p>\n<p><!-- wp:paragraph --><\/p>\n<p>Wenn Sie sich anmelden, werden wir auch mehrere cookies speichern Sie Ihre login-Informationen und Ihre Bildschirm Auswahl. Login cookies zuletzt f\u00fcr zwei Tage, und Bildschirm Optionen cookies dauern ein Jahr. Wenn Sie die Option &#034;Remember Me&#034;, your login will persist for two weeks. Wenn Sie sich von Ihrem Konto, die login-cookies werden entfernt.<\/p>\n<p><!-- \/wp:paragraph --><\/p>\n<p><!-- wp:paragraph --><\/p>\n<p>Wenn Sie Bearbeiten oder einen Artikel ver\u00f6ffentlichen, ein zus\u00e4tzliches cookie in Ihrem browser gespeichert. Dieses cookie enth\u00e4lt keine personenbezogenen Daten und gibt einfach die post-ID des Artikels, den Sie gerade bearbeitet haben. Es l\u00e4uft nach 1 Tag.<\/p>\n<p><!-- \/wp:paragraph --><\/p>\n<p><!-- wp:heading {\"level\":3} --><\/p>\n<h5>2. Eingebettete Inhalte von anderen websites<\/h5>\n<p><!-- \/wp:heading --><\/p>\n<p><!-- wp:paragraph --><\/p>\n<p>Artikel auf diese Website kann eingebettete Inhalte (z.B. videos, Bilder, Artikel usw.). Eingebettete Inhalte von anderen websites verh\u00e4lt sich genau so, als ob der Besucher die andere website besucht.<\/p>\n<p><!-- \/wp:paragraph --><\/p>\n<p><!-- wp:paragraph --><\/p>\n<p>Diese websites k\u00f6nnen sammeln Daten \u00fcber Sie, verwenden cookies, einbetten zus\u00e4tzlicher Drittanbieter-tracking, und \u00fcberwachen Sie Ihre Interaktion mit den eingebetteten Inhalten, einschlie\u00dflich der Verfolgung Ihrer Interaktion mit dem eingebetteten Inhalt, falls Sie ein Konto haben und eingeloggt sind und auf diese website.<\/p>\n<p><!-- \/wp:heading --><\/p>\n<p><!-- wp:heading --><\/p>\n<h4>IV. Wer wir teilen Ihre Daten mit<\/h4>\n<div>Niemand.<\/div>\n<p><!-- \/wp:heading --><\/p>\n<p><!-- wp:heading --><\/p>\n<h4>V. Wie lange behalten wir Ihre Daten<\/h4>\n<p><!-- \/wp:heading --><\/p>\n<p><!-- wp:paragraph --><\/p>\n<p>Wenn Sie einen Kommentar hinterlassen, der Kommentar und seine Metadaten auf unbestimmte Zeit beibehalten. So k\u00f6nnen wir erkennen und genehmigen, die follow-up-Kommentare automatisch, sondern halten Sie Sie in einer MODERATIONS-Warteschlange.<\/p>\n<p><!-- \/wp:paragraph --><\/p>\n<p><!-- wp:paragraph --><\/p>\n<p>F\u00fcr Anwender, die auf unserer website registrieren (falls vorhanden), speichern wir auch die pers\u00f6nlichen Informationen, die Sie in Ihrem Benutzer-Profil. Alle Benutzer k\u00f6nnen sehen, Bearbeiten oder l\u00f6schen Ihrer pers\u00f6nlichen Informationen jederzeit, (Ausnahme die Sie nicht \u00e4ndern k\u00f6nnen Sie Ihren Benutzernamen). Website-Administratoren k\u00f6nnen auch sehen und Bearbeiten Sie die Informationen.<\/p>\n<p><!-- \/wp:paragraph --><\/p>\n<p><!-- wp:heading --><\/p>\n<h4>VI. Welche Rechte haben Sie \u00fcber Ihre Daten<\/h4>\n<p><!-- \/wp:heading --><\/p>\n<p><!-- wp:paragraph --><\/p>\n<p>Wenn du ein Konto auf dieser Website haben oder Kommentare hinterlassen haben, k\u00f6nnen Sie anfordern, eine exportierte Datei der pers\u00f6nlichen Daten wir \u00fcber Sie gespeichert haben, einschlie\u00dflich aller Daten, die Sie uns zur Verf\u00fcgung gestellt haben. Sie k\u00f6nnen auch verlangen, dass wir die L\u00f6schung von personenbezogenen Daten, die wir \u00fcber Sie gespeichert haben. Dies beinhaltet keine Daten, die wir verpflichtet sind zu halten, die f\u00fcr administrative, rechtliche oder Sicherheitszwecke.<\/p>\n<p><!-- \/wp:paragraph --><\/p>\n<p><!-- wp:heading --><\/p>\n<h4>VII. Wo senden wir Ihre Daten<\/h4>\n<p><!-- \/wp:heading --><\/p>\n<p><!-- wp:paragraph --><\/p>\n<p>Besucher-Kommentare k\u00f6nnen \u00fcberpr\u00fcft werden durch einen automatisierten spam detection service.<\/p>\n<h4>VIII. Produkte<\/h4>\n<p><!-- \/wp:heading --><\/p>\n<p><!-- wp:paragraph --><\/p>\n<p>Unsere Produkte sind nicht zur diagnose, Behandlung, Heilung, oder verhindern Krankheit.<\/p>\n<p>Verderbliche Artikel sind nicht erstattungsf\u00e4hig und nicht zur\u00fcckgenommen.<\/p>\n<p>.<\/p>\n<p><!-- \/wp:heading --><\/p>\t\t\t\t\t<\/div>\n\t\t\t\t\t\t<\/div>\n\t\t\t\t<\/div>\n\t\t\t\t\t\t<\/div>\n\t\t\t\t\t<\/div>\n\t\t<\/div>\n\t\t\t\t\t\t\t\t<\/div>\n\t\t\t\t\t<\/div>\n\t\t<\/section>\n\t\t\t\t\t\t\t\t\t<\/div>\n\t\t\t<\/div>\n\t\t\t\t\t<\/div>","protected":false},"excerpt":{"rendered":"<p>I. Who we are Our website address is: https:\/\/cocosymbiosis.com. II. What personal data we collect and why we collect it 1. Comments When visitors leave comments on the site we collect the data shown in the comments form, and also the visitor\u2019s IP address and browser user agent string to help spam detection. An anonymized [&hellip;]<\/p>","protected":false},"author":1095,"featured_media":0,"parent":0,"menu_order":0,"comment_status":"closed","ping_status":"open","template":"elementor_header_footer","meta":[],"acf":[],"_links":{"self":[{"href":"https:\/\/cocosymbiosis.com\/de\/wp-json\/wp\/v2\/pages\/3"}],"collection":[{"href":"https:\/\/cocosymbiosis.com\/de\/wp-json\/wp\/v2\/pages"}],"about":[{"href":"https:\/\/cocosymbiosis.com\/de\/wp-json\/wp\/v2\/types\/page"}],"author":[{"embeddable":true,"href":"https:\/\/cocosymbiosis.com\/de\/wp-json\/wp\/v2\/users\/1095"}],"replies":[{"embeddable":true,"href":"https:\/\/cocosymbiosis.com\/de\/wp-json\/wp\/v2\/comments?post=3"}],"version-history":[{"count":21,"href":"https:\/\/cocosymbiosis.com\/de\/wp-json\/wp\/v2\/pages\/3\/revisions"}],"predecessor-version":[{"id":7087,"href":"https:\/\/cocosymbiosis.com\/de\/wp-json\/wp\/v2\/pages\/3\/revisions\/7087"}],"wp:attachment":[{"href":"https:\/\/cocosymbiosis.com\/de\/wp-json\/wp\/v2\/media?parent=3"}],"curies":[{"name":"wp","href":"https:\/\/api.w.org\/{rel}","templated":true}]}}